{"id":3878,"date":"2025-03-30T10:50:48","date_gmt":"2025-03-30T10:50:48","guid":{"rendered":"https:\/\/cartotrentina.com\/home-page\/"},"modified":"2026-01-08T18:56:47","modified_gmt":"2026-01-08T18:56:47","slug":"home-page","status":"publish","type":"page","link":"https:\/\/cartotrentina.com\/de\/","title":{"rendered":"Home"},"content":{"rendered":"\t\t<div data-elementor-type=\"wp-page\" data-elementor-id=\"3878\" class=\"elementor elementor-3878 elementor-14\" data-elementor-post-type=\"page\">\n\t\t\t\t<div class=\"elementor-element elementor-element-19533e6 e-con-full e-flex e-con e-parent\" data-id=\"19533e6\" data-element_type=\"container\" data-e-type=\"container\">\n\t\t\t\t<div class=\"elementor-element elementor-element-b5b9d37 elementor-widget elementor-widget-video\" data-id=\"b5b9d37\" data-element_type=\"widget\" data-e-type=\"widget\" data-settings=\"{&quot;youtube_url&quot;:&quot;https:\\\/\\\/youtu.be\\\/6TVjx9PVTgg?si=F8PpzNkRIZRa8wPA&quot;,&quot;autoplay&quot;:&quot;yes&quot;,&quot;play_on_mobile&quot;:&quot;yes&quot;,&quot;mute&quot;:&quot;yes&quot;,&quot;video_type&quot;:&quot;youtube&quot;,&quot;controls&quot;:&quot;yes&quot;}\" data-widget_type=\"video.default\">\n\t\t\t\t<div class=\"elementor-widget-container\">\n\t\t\t\t\t\t\t<div class=\"elementor-wrapper elementor-open-inline\">\n\t\t\t<div class=\"elementor-video\"><\/div>\t\t<\/div>\n\t\t\t\t\t\t<\/div>\n\t\t\t\t<\/div>\n\t\t\t\t<\/div>\n\t\t<div class=\"elementor-element elementor-element-aab9d0f e-flex e-con-boxed e-con e-parent\" data-id=\"aab9d0f\" data-element_type=\"container\" data-e-type=\"container\" data-settings=\"{&quot;background_background&quot;:&quot;classic&quot;}\">\n\t\t\t\t\t<div class=\"e-con-inner\">\n\t\t<div class=\"elementor-element elementor-element-4e2bbba e-con-full e-flex e-con e-child\" data-id=\"4e2bbba\" data-element_type=\"container\" data-e-type=\"container\" data-settings=\"{&quot;animation&quot;:&quot;none&quot;,&quot;animation_delay&quot;:10}\">\n\t\t\t\t<div class=\"elementor-element elementor-element-fc119e7 elementor-widget__width-initial elementor-widget elementor-widget-heading\" data-id=\"fc119e7\" data-element_type=\"widget\" data-e-type=\"widget\" data-widget_type=\"heading.default\">\n\t\t\t\t<div class=\"elementor-widget-container\">\n\t\t\t\t\t<h1 class=\"elementor-heading-title elementor-size-default\">Hochwertige Verpackung<\/h1>\t\t\t\t<\/div>\n\t\t\t\t<\/div>\n\t\t\t\t<\/div>\n\t\t<div class=\"elementor-element elementor-element-6138489 e-con-full e-flex e-con e-child\" data-id=\"6138489\" data-element_type=\"container\" data-e-type=\"container\" data-settings=\"{&quot;animation&quot;:&quot;none&quot;,&quot;animation_delay&quot;:14}\">\n\t\t\t\t<div class=\"elementor-element elementor-element-ef64635 elementor-widget elementor-widget-text-editor\" data-id=\"ef64635\" data-element_type=\"widget\" data-e-type=\"widget\" data-widget_type=\"text-editor.default\">\n\t\t\t\t<div class=\"elementor-widget-container\">\n\t\t\t\t\t\t\t\t\t<p>In einer Welt, in der das Image eine immer wichtigere Rolle bei der F\u00f6rderung eines Qualit\u00e4tsprodukts spielt, wird die Art und Weise, wie dieses dem zunehmend anspruchsvollen und aufmerksamen K\u00e4ufer pr\u00e4sentiert wird, zu einem entscheidenden Moment, der seine Wahl beeinflussen kann.<\/p>\t\t\t\t\t\t\t\t<\/div>\n\t\t\t\t<\/div>\n\t\t\t\t<div class=\"elementor-element elementor-element-81e4c5b elementor-widget elementor-widget-text-editor\" data-id=\"81e4c5b\" data-element_type=\"widget\" data-e-type=\"widget\" data-widget_type=\"text-editor.default\">\n\t\t\t\t<div class=\"elementor-widget-container\">\n\t\t\t\t\t\t\t\t\t<p>Cartotrentina ist ein Unternehmen, das gegr\u00fcndet wurde, um dem Bed\u00fcrfnis gerecht zu werden, das Erscheinungsbild jedes einzelnen Produkts sorgf\u00e4ltig zu gestalten. Seine Produktion zeichnet sich durch die Originalit\u00e4t der Produkte aus, die fast immer ma\u00dfgeschneidert und somit einzigartig sind.<\/p>\t\t\t\t\t\t\t\t<\/div>\n\t\t\t\t<\/div>\n\t\t\t\t<div class=\"elementor-element elementor-element-88396ee elementor-mobile-align-left elementor-widget elementor-widget-the7_button_widget\" data-id=\"88396ee\" data-element_type=\"widget\" data-e-type=\"widget\" data-widget_type=\"the7_button_widget.default\">\n\t\t\t\t<div class=\"elementor-widget-container\">\n\t\t\t\t\t<div class=\"elementor-button-wrapper\"><a href=\"https:\/\/cartotrentina.com\/de\/ueber-uns\/\" class=\"box-button elementor-button elementor-size-xs\">Erfahre mehr \u00fcber das Unternehmen<svg xmlns=\"http:\/\/www.w3.org\/2000\/svg\" xmlns:xlink=\"http:\/\/www.w3.org\/1999\/xlink\" id=\"Layer_1\" x=\"0px\" y=\"0px\" viewBox=\"0 0 1050 800\" style=\"enable-background:new 0 0 1050 800;\" xml:space=\"preserve\"><path id=\"XMLID_18_\" d=\"M0,400c0,20.1,16.3,36.4,36.4,36.4h850v54.5c0,14.7,8.9,28,22.4,33.6c4.5,1.9,9.2,2.8,13.9,2.8 c9.5,0,18.8-3.7,25.7-10.7l90.9-90.9c14.2-14.2,14.2-37.2,0-51.4l-90.9-90.9c-10.4-10.4-26-13.5-39.6-7.9s-22.4,18.9-22.4,33.6v54.5 h-850C16.3,363.6,0,379.9,0,400z\"><\/path><\/svg><\/a><\/div>\t\t\t\t<\/div>\n\t\t\t\t<\/div>\n\t\t\t\t<\/div>\n\t\t\t\t\t<\/div>\n\t\t\t\t<\/div>\n\t\t<div class=\"elementor-element elementor-element-10485ca e-flex e-con-boxed e-con e-parent\" data-id=\"10485ca\" data-element_type=\"container\" data-e-type=\"container\">\n\t\t\t\t\t<div class=\"e-con-inner\">\n\t\t\t\t<div class=\"elementor-element elementor-element-4269b33 elementor-widget elementor-widget-heading\" data-id=\"4269b33\" data-element_type=\"widget\" data-e-type=\"widget\" data-widget_type=\"heading.default\">\n\t\t\t\t<div class=\"elementor-widget-container\">\n\t\t\t\t\t<h1 class=\"elementor-heading-title elementor-size-default\">UNSERE PRODUKTE\n<\/h1>\t\t\t\t<\/div>\n\t\t\t\t<\/div>\n\t\t<div class=\"elementor-element elementor-element-385960d e-con-full e-flex e-con e-child\" data-id=\"385960d\" data-element_type=\"container\" data-e-type=\"container\">\n\t\t<div class=\"elementor-element elementor-element-0bcd31d e-con-full e-flex elementor-invisible e-con e-child\" data-id=\"0bcd31d\" data-element_type=\"container\" data-e-type=\"container\" data-settings=\"{&quot;background_background&quot;:&quot;classic&quot;,&quot;animation&quot;:&quot;fadeInLeft&quot;}\">\n\t\t\t\t<div class=\"elementor-element elementor-element-646f483 elementor-align-center elementor-mobile-align-center elementor-widget-mobile__width-initial elementor-widget-tablet__width-initial pulsanti_macrocat elementor-widget elementor-widget-the7_button_widget\" data-id=\"646f483\" data-element_type=\"widget\" data-e-type=\"widget\" data-widget_type=\"the7_button_widget.default\">\n\t\t\t\t<div class=\"elementor-widget-container\">\n\t\t\t\t\t<div class=\"elementor-button-wrapper\"><a href=\"https:\/\/cartotrentina.com\/de\/weinprodukte\/\" class=\"box-button elementor-button elementor-size-md\">Weinprodukte<\/a><\/div>\t\t\t\t<\/div>\n\t\t\t\t<\/div>\n\t\t\t\t<\/div>\n\t\t<div class=\"elementor-element elementor-element-e7abc8c e-con-full e-flex elementor-invisible e-con e-child\" data-id=\"e7abc8c\" data-element_type=\"container\" data-e-type=\"container\" data-settings=\"{&quot;background_background&quot;:&quot;classic&quot;,&quot;animation&quot;:&quot;fadeInRight&quot;}\">\n\t\t\t\t<div class=\"elementor-element elementor-element-36cd39f elementor-align-center elementor-mobile-align-center elementor-widget-mobile__width-initial elementor-widget-tablet__width-initial pulsanti_macrocat elementor-widget elementor-widget-the7_button_widget\" data-id=\"36cd39f\" data-element_type=\"widget\" data-e-type=\"widget\" data-widget_type=\"the7_button_widget.default\">\n\t\t\t\t<div class=\"elementor-widget-container\">\n\t\t\t\t\t<div class=\"elementor-button-wrapper\"><a href=\"https:\/\/cartotrentina.com\/de\/industrie-lebensmittelprodukte\/\" class=\"box-button elementor-button elementor-size-md\">INDUSTRIE \/ LEBENSMITTELBEREICH<\/a><\/div>\t\t\t\t<\/div>\n\t\t\t\t<\/div>\n\t\t\t\t<\/div>\n\t\t\t\t<\/div>\n\t\t\t\t\t<\/div>\n\t\t\t\t<\/div>\n\t\t<div class=\"elementor-element elementor-element-06b8229 e-con-full pagine_evidenza e-flex elementor-invisible e-con e-parent\" data-id=\"06b8229\" data-element_type=\"container\" data-e-type=\"container\" data-settings=\"{&quot;animation&quot;:&quot;fadeInDown&quot;}\">\n\t\t\t\t<div class=\"elementor-element elementor-element-c2c9415 elementor-widget-mobile__width-inherit elementor-widget elementor-widget-heading\" data-id=\"c2c9415\" data-element_type=\"widget\" data-e-type=\"widget\" data-widget_type=\"heading.default\">\n\t\t\t\t<div class=\"elementor-widget-container\">\n\t\t\t\t\t<h2 class=\"elementor-heading-title elementor-size-default\">Unsere St\u00e4rken<\/h2>\t\t\t\t<\/div>\n\t\t\t\t<\/div>\n\t\t\t\t<div class=\"elementor-element elementor-element-32958e4 elementor-widget__width-initial elementor-widget elementor-widget-text-editor\" data-id=\"32958e4\" data-element_type=\"widget\" data-e-type=\"widget\" data-widget_type=\"text-editor.default\">\n\t\t\t\t<div class=\"elementor-widget-container\">\n\t\t\t\t\t\t\t\t\t<p>Cartotrentina ist heute ein Unternehmen, das im Bereich hochwertiger Verpackungen das Vertrauen vieler gro\u00dfer italienischer und europ\u00e4ischer Unternehmen genie\u00dft.<\/p>\t\t\t\t\t\t\t\t<\/div>\n\t\t\t\t<\/div>\n\t\t<div class=\"elementor-element elementor-element-f37a358 e-con-full e-flex e-con e-child\" data-id=\"f37a358\" data-element_type=\"container\" data-e-type=\"container\">\n\t\t\t\t<div class=\"elementor-element elementor-element-c0bb0b9 elementor-position-top elementor-widget elementor-widget-image-box\" data-id=\"c0bb0b9\" data-element_type=\"widget\" data-e-type=\"widget\" data-widget_type=\"image-box.default\">\n\t\t\t\t<div class=\"elementor-widget-container\">\n\t\t\t\t\t<div class=\"elementor-image-box-wrapper\"><figure class=\"elementor-image-box-img\"><a href=\"https:\/\/cartotrentina.com\/de\/patente\/\" tabindex=\"-1\"><img loading=\"lazy\" decoding=\"async\" width=\"1200\" height=\"1000\" src=\"https:\/\/cartotrentina.com\/wp-content\/uploads\/2025\/11\/cartotrentina-half-home-brevetti.jpg\" class=\"attachment-full size-full wp-image-3867\" alt=\"\" srcset=\"https:\/\/cartotrentina.com\/wp-content\/uploads\/2025\/11\/cartotrentina-half-home-brevetti.jpg 1200w, https:\/\/cartotrentina.com\/wp-content\/uploads\/2025\/11\/cartotrentina-half-home-brevetti-300x250.jpg 300w, https:\/\/cartotrentina.com\/wp-content\/uploads\/2025\/11\/cartotrentina-half-home-brevetti-1024x853.jpg 1024w, https:\/\/cartotrentina.com\/wp-content\/uploads\/2025\/11\/cartotrentina-half-home-brevetti-768x640.jpg 768w\" sizes=\"auto, (max-width: 1200px) 100vw, 1200px\" \/><\/a><\/figure><div class=\"elementor-image-box-content\"><h3 class=\"elementor-image-box-title\"><a href=\"https:\/\/cartotrentina.com\/de\/patente\/\">PATENTE<\/a><\/h3><\/div><\/div>\t\t\t\t<\/div>\n\t\t\t\t<\/div>\n\t\t\t\t<div class=\"elementor-element elementor-element-6ca937e elementor-position-top elementor-widget elementor-widget-image-box\" data-id=\"6ca937e\" data-element_type=\"widget\" data-e-type=\"widget\" data-widget_type=\"image-box.default\">\n\t\t\t\t<div class=\"elementor-widget-container\">\n\t\t\t\t\t<div class=\"elementor-image-box-wrapper\"><figure class=\"elementor-image-box-img\"><a href=\"https:\/\/cartotrentina.com\/de\/verarbeitungen\/\" tabindex=\"-1\"><img loading=\"lazy\" decoding=\"async\" width=\"1200\" height=\"1000\" src=\"https:\/\/cartotrentina.com\/wp-content\/uploads\/2025\/03\/cartotrentina-half-home-lavorazioni.jpg\" class=\"attachment-full size-full wp-image-3868\" alt=\"\" srcset=\"https:\/\/cartotrentina.com\/wp-content\/uploads\/2025\/03\/cartotrentina-half-home-lavorazioni.jpg 1200w, https:\/\/cartotrentina.com\/wp-content\/uploads\/2025\/03\/cartotrentina-half-home-lavorazioni-300x250.jpg 300w, https:\/\/cartotrentina.com\/wp-content\/uploads\/2025\/03\/cartotrentina-half-home-lavorazioni-1024x853.jpg 1024w, https:\/\/cartotrentina.com\/wp-content\/uploads\/2025\/03\/cartotrentina-half-home-lavorazioni-768x640.jpg 768w\" sizes=\"auto, (max-width: 1200px) 100vw, 1200px\" \/><\/a><\/figure><div class=\"elementor-image-box-content\"><h3 class=\"elementor-image-box-title\"><a href=\"https:\/\/cartotrentina.com\/de\/verarbeitungen\/\">VERARBEITUNGEN<\/a><\/h3><\/div><\/div>\t\t\t\t<\/div>\n\t\t\t\t<\/div>\n\t\t\t\t<div class=\"elementor-element elementor-element-4579cd9 elementor-position-top elementor-widget elementor-widget-image-box\" data-id=\"4579cd9\" data-element_type=\"widget\" data-e-type=\"widget\" data-widget_type=\"image-box.default\">\n\t\t\t\t<div class=\"elementor-widget-container\">\n\t\t\t\t\t<div class=\"elementor-image-box-wrapper\"><figure class=\"elementor-image-box-img\"><a href=\"https:\/\/cartotrentina.com\/de\/technologie\/\" tabindex=\"-1\"><img loading=\"lazy\" decoding=\"async\" width=\"1200\" height=\"1000\" src=\"https:\/\/cartotrentina.com\/wp-content\/uploads\/2025\/09\/cartotrentina-half-home-tecnologia_2.jpg\" class=\"attachment-full size-full wp-image-3869\" alt=\"\" srcset=\"https:\/\/cartotrentina.com\/wp-content\/uploads\/2025\/09\/cartotrentina-half-home-tecnologia_2.jpg 1200w, https:\/\/cartotrentina.com\/wp-content\/uploads\/2025\/09\/cartotrentina-half-home-tecnologia_2-300x250.jpg 300w, https:\/\/cartotrentina.com\/wp-content\/uploads\/2025\/09\/cartotrentina-half-home-tecnologia_2-1024x853.jpg 1024w, https:\/\/cartotrentina.com\/wp-content\/uploads\/2025\/09\/cartotrentina-half-home-tecnologia_2-768x640.jpg 768w\" sizes=\"auto, (max-width: 1200px) 100vw, 1200px\" \/><\/a><\/figure><div class=\"elementor-image-box-content\"><h3 class=\"elementor-image-box-title\"><a href=\"https:\/\/cartotrentina.com\/de\/technologie\/\">TECHNOLOGIE<\/a><\/h3><\/div><\/div>\t\t\t\t<\/div>\n\t\t\t\t<\/div>\n\t\t\t\t<div class=\"elementor-element elementor-element-6436fed elementor-position-top elementor-widget elementor-widget-image-box\" data-id=\"6436fed\" data-element_type=\"widget\" data-e-type=\"widget\" data-widget_type=\"image-box.default\">\n\t\t\t\t<div class=\"elementor-widget-container\">\n\t\t\t\t\t<div class=\"elementor-image-box-wrapper\"><figure class=\"elementor-image-box-img\"><a href=\"https:\/\/cartotrentina.com\/de\/dienstleisstungen\/\" tabindex=\"-1\"><img loading=\"lazy\" decoding=\"async\" width=\"1200\" height=\"1000\" src=\"https:\/\/cartotrentina.com\/wp-content\/uploads\/2025\/06\/cartotrentina-half-home-servizi.jpg\" class=\"attachment-full size-full wp-image-3870\" alt=\"\" srcset=\"https:\/\/cartotrentina.com\/wp-content\/uploads\/2025\/06\/cartotrentina-half-home-servizi.jpg 1200w, https:\/\/cartotrentina.com\/wp-content\/uploads\/2025\/06\/cartotrentina-half-home-servizi-300x250.jpg 300w, https:\/\/cartotrentina.com\/wp-content\/uploads\/2025\/06\/cartotrentina-half-home-servizi-1024x853.jpg 1024w, https:\/\/cartotrentina.com\/wp-content\/uploads\/2025\/06\/cartotrentina-half-home-servizi-768x640.jpg 768w\" sizes=\"auto, (max-width: 1200px) 100vw, 1200px\" \/><\/a><\/figure><div class=\"elementor-image-box-content\"><h3 class=\"elementor-image-box-title\"><a href=\"https:\/\/cartotrentina.com\/de\/dienstleisstungen\/\">DIENSTLEISSTUNGEN<\/a><\/h3><\/div><\/div>\t\t\t\t<\/div>\n\t\t\t\t<\/div>\n\t\t\t\t<\/div>\n\t\t\t\t<\/div>\n\t\t<div class=\"elementor-element elementor-element-2ac0e8b e-flex e-con-boxed e-con e-parent\" data-id=\"2ac0e8b\" data-element_type=\"container\" data-e-type=\"container\">\n\t\t\t\t\t<div class=\"e-con-inner\">\n\t\t\t\t<div class=\"elementor-element elementor-element-5ac8205 elementor-widget__width-initial elementor-widget elementor-widget-template\" data-id=\"5ac8205\" data-element_type=\"widget\" data-e-type=\"widget\" data-widget_type=\"template.default\">\n\t\t\t\t<div class=\"elementor-widget-container\">\n\t\t\t\t\t\t\t<div class=\"elementor-template\">\n\t\t\t\t\t<div data-elementor-type=\"container\" data-elementor-id=\"3914\" class=\"elementor elementor-3914 elementor-397 elementor-397\" data-elementor-post-type=\"elementor_library\">\n\t\t\t\t<div class=\"elementor-element elementor-element-de45da8 e-flex e-con-boxed elementor-invisible e-con e-parent\" data-id=\"de45da8\" data-element_type=\"container\" data-e-type=\"container\" data-settings=\"{&quot;background_background&quot;:&quot;classic&quot;,&quot;animation&quot;:&quot;fadeInUp&quot;}\">\n\t\t\t\t\t<div class=\"e-con-inner\">\n\t\t\t\t<div class=\"elementor-element elementor-element-2d90ef9 elementor-widget elementor-widget-heading\" data-id=\"2d90ef9\" data-element_type=\"widget\" data-e-type=\"widget\" data-widget_type=\"heading.default\">\n\t\t\t\t<div class=\"elementor-widget-container\">\n\t\t\t\t\t<h3 class=\"elementor-heading-title elementor-size-default\">F\u00fcr Informationen und Kostenvoranschl\u00e4ge<\/h3>\t\t\t\t<\/div>\n\t\t\t\t<\/div>\n\t\t\t\t<div class=\"elementor-element elementor-element-f20fe56 elementor-widget-mobile__width-initial elementor-widget elementor-widget-heading\" data-id=\"f20fe56\" data-element_type=\"widget\" data-e-type=\"widget\" data-widget_type=\"heading.default\">\n\t\t\t\t<div class=\"elementor-widget-container\">\n\t\t\t\t\t<h3 class=\"elementor-heading-title elementor-size-default\">Wir sind an Ihrer Seite, um ein exklusives und hochwertiges Produkt zu schaffen. <\/h3>\t\t\t\t<\/div>\n\t\t\t\t<\/div>\n\t\t\t\t<div class=\"elementor-element elementor-element-28c07e7 elementor-align-center elementor-widget elementor-widget-the7_button_widget\" data-id=\"28c07e7\" data-element_type=\"widget\" data-e-type=\"widget\" data-widget_type=\"the7_button_widget.default\">\n\t\t\t\t<div class=\"elementor-widget-container\">\n\t\t\t\t\t<div class=\"elementor-button-wrapper\"><a href=\"https:\/\/cartotrentina.com\/de\/kontaktdaten\/\" class=\"box-button elementor-button elementor-size-sm\">Kontaktieren Sie uns<\/a><\/div>\t\t\t\t<\/div>\n\t\t\t\t<\/div>\n\t\t\t\t\t<\/div>\n\t\t\t\t<\/div>\n\t\t\t\t<\/div>\n\t\t\t\t<\/div>\n\t\t\t\t\t\t<\/div>\n\t\t\t\t<\/div>\n\t\t\t\t\t<\/div>\n\t\t\t\t<\/div>\n\t\t<div class=\"elementor-element elementor-element-4c53b98 e-flex e-con-boxed e-con e-parent\" data-id=\"4c53b98\" data-element_type=\"container\" data-e-type=\"container\">\n\t\t\t\t\t<div class=\"e-con-inner\">\n\t\t\t\t<div class=\"elementor-element elementor-element-95af11a elementor-hidden-desktop elementor-hidden-tablet elementor-hidden-mobile elementor-widget elementor-widget-html\" data-id=\"95af11a\" data-element_type=\"widget\" data-e-type=\"widget\" data-widget_type=\"html.default\">\n\t\t\t\t<div class=\"elementor-widget-container\">\n\t\t\t\t\t<script>var volbtn=true;\r\nfunction setmuted(){\r\n    let btnon=document.querySelector(\"#SR7_1_1-1-0\");\r\n    let btnof=document.querySelector(\"#SR7_1_1-1-2\");\r\n    \r\n    if (volbtn){\r\n        btnon.style.display=\"none\";\r\n        btnof.style.display=\"block\";\r\n        volbtn=false;\r\n    }\r\n    else{\r\n        btnon.style.display=\"block\";\r\n        btnof.style.display=\"none\";\r\n        volbtn=true;\r\n    }\r\n}\r\nfunction ready() {\r\n    let btnon=document.querySelector(\"#SR7_1_1-1-0\");\r\n    let btnof=document.querySelector(\"#SR7_1_1-1-2\");\r\n    btnon.style.display=\"block\";\r\n    btnof.style.display=\"none\";\r\n    btnof.style.top=btnon.style.top;\r\n    \r\n    btnon.addEventListener(\"click\",setmuted);\r\n    btnof.addEventListener(\"click\",setmuted);\r\n    \r\n    \r\n    \r\n  }\r\n  function inizio() {\r\n    \/\/setTimeout(ready,3000);    \r\n    \r\n  }\r\n\r\n  document.addEventListener(\"DOMContentLoaded\", inizio);\r\n<\/script>\t\t\t\t<\/div>\n\t\t\t\t<\/div>\n\t\t\t\t\t<\/div>\n\t\t\t\t<\/div>\n\t\t<div class=\"elementor-element elementor-element-9549c50 e-flex e-con-boxed e-con e-parent\" data-id=\"9549c50\" data-element_type=\"container\" data-e-type=\"container\">\n\t\t\t\t\t<div class=\"e-con-inner\">\n\t\t\t\t\t<\/div>\n\t\t\t\t<\/div>\n\t\t\t\t<\/div>\n\t\t","protected":false},"excerpt":{"rendered":"<p>Hochwertige Verpackung In einer Welt, in der das Image eine immer wichtigere Rolle bei der F\u00f6rderung eines Qualit\u00e4tsprodukts spielt, wird die Art und Weise, wie dieses dem zunehmend anspruchsvollen und aufmerksamen K\u00e4ufer pr\u00e4sentiert wird, zu einem entscheidenden Moment, der seine Wahl beeinflussen kann. Cartotrentina ist ein Unternehmen, das gegr\u00fcndet wurde, um dem Bed\u00fcrfnis gerecht zu&hellip;<\/p>\n","protected":false},"author":1,"featured_media":0,"parent":0,"menu_order":0,"comment_status":"closed","ping_status":"closed","template":"elementor_header_footer","meta":{"_acf_changed":false,"inline_featured_image":false,"footnotes":""},"class_list":["post-3878","page","type-page","status-publish","hentry"],"acf":[],"aioseo_notices":[],"_links":{"self":[{"href":"https:\/\/cartotrentina.com\/de\/wp-json\/wp\/v2\/pages\/3878","targetHints":{"allow":["GET"]}}],"collection":[{"href":"https:\/\/cartotrentina.com\/de\/wp-json\/wp\/v2\/pages"}],"about":[{"href":"https:\/\/cartotrentina.com\/de\/wp-json\/wp\/v2\/types\/page"}],"author":[{"embeddable":true,"href":"https:\/\/cartotrentina.com\/de\/wp-json\/wp\/v2\/users\/1"}],"replies":[{"embeddable":true,"href":"https:\/\/cartotrentina.com\/de\/wp-json\/wp\/v2\/comments?post=3878"}],"version-history":[{"count":32,"href":"https:\/\/cartotrentina.com\/de\/wp-json\/wp\/v2\/pages\/3878\/revisions"}],"predecessor-version":[{"id":5670,"href":"https:\/\/cartotrentina.com\/de\/wp-json\/wp\/v2\/pages\/3878\/revisions\/5670"}],"wp:attachment":[{"href":"https:\/\/cartotrentina.com\/de\/wp-json\/wp\/v2\/media?parent=3878"}],"curies":[{"name":"wp","href":"https:\/\/api.w.org\/{rel}","templated":true}]}}