{"id":3932,"date":"2025-06-21T17:31:51","date_gmt":"2025-06-21T17:31:51","guid":{"rendered":"https:\/\/cartotrentina.com\/kontaktdaten\/"},"modified":"2025-12-22T15:32:29","modified_gmt":"2025-12-22T15:32:29","slug":"kontaktdaten","status":"publish","type":"page","link":"https:\/\/cartotrentina.com\/de\/kontaktdaten\/","title":{"rendered":"Kontaktdaten"},"content":{"rendered":"\t\t<div data-elementor-type=\"wp-page\" data-elementor-id=\"3932\" class=\"elementor elementor-3932 elementor-1974\" data-elementor-post-type=\"page\">\n\t\t\t\t<div class=\"elementor-element elementor-element-103c410 e-con-full e-flex e-con e-parent\" data-id=\"103c410\" data-element_type=\"container\" data-e-type=\"container\">\n\t\t\t\t<div class=\"elementor-element elementor-element-c2c9415 elementor-widget elementor-widget-heading\" data-id=\"c2c9415\" data-element_type=\"widget\" data-e-type=\"widget\" data-widget_type=\"heading.default\">\n\t\t\t\t<div class=\"elementor-widget-container\">\n\t\t\t\t\t<h2 class=\"elementor-heading-title elementor-size-default\">Unsere Kontaktdaten<\/h2>\t\t\t\t<\/div>\n\t\t\t\t<\/div>\n\t\t\t\t<\/div>\n\t\t<div class=\"elementor-element elementor-element-e8911f8 e-flex e-con-boxed e-con e-parent\" data-id=\"e8911f8\" data-element_type=\"container\" data-e-type=\"container\">\n\t\t\t\t\t<div class=\"e-con-inner\">\n\t\t<div class=\"elementor-element elementor-element-1d4bfdc e-con-full e-flex e-con e-child\" data-id=\"1d4bfdc\" data-element_type=\"container\" data-e-type=\"container\">\n\t\t\t\t<div class=\"elementor-element elementor-element-e4d1c0a elementor-widget elementor-widget-the7-accordion\" data-id=\"e4d1c0a\" data-element_type=\"widget\" data-e-type=\"widget\" data-widget_type=\"the7-accordion.default\">\n\t\t\t\t<div class=\"elementor-widget-container\">\n\t\t\t\t\t\t\t<div class=\"elementor-accordion the7-adv-accordion ac_bb_active_title animate-on-loading\" data-accordion-type=\"accordion\" role=\"tablist\">\n\t\t\t\t\t\t\t<div class=\"elementor-accordion-item\">\n\t\t\t\t\t<h4 id=\"elementor-tab-title-2391\" class=\"elementor-tab-title the7-accordion-header active-default\" data-tab=\"1\" role=\"tab\" aria-controls=\"elementor-tab-content-2391\">\n\n\t\t\t\t\t\t\t\t\t\t\t\t\t<span class=\"elementor-accordion-icon elementor-accordion-icon-left\" aria-hidden=\"true\">\n\t\t\t\t\t\t\t\t\t\t\t\t\t\t\t<span class=\"elementor-accordion-icon-closed\"><svg class=\"e-font-icon-svg e-fas-caret-down\" viewBox=\"0 0 320 512\" xmlns=\"http:\/\/www.w3.org\/2000\/svg\"><path d=\"M31.3 192h257.3c17.8 0 26.7 21.5 14.1 34.1L174.1 354.8c-7.8 7.8-20.5 7.8-28.3 0L17.2 226.1C4.6 213.5 13.5 192 31.3 192z\"><\/path><\/svg><\/span>\n\t\t\t\t\t\t\t\t\t\t\t\t\t\t\t\t\t<span class=\"elementor-accordion-icon-opened\"><svg class=\"e-font-icon-svg e-fas-caret-up\" viewBox=\"0 0 320 512\" xmlns=\"http:\/\/www.w3.org\/2000\/svg\"><path d=\"M288.662 352H31.338c-17.818 0-26.741-21.543-14.142-34.142l128.662-128.662c7.81-7.81 20.474-7.81 28.284 0l128.662 128.662c12.6 12.599 3.676 34.142-14.142 34.142z\"><\/path><\/svg><\/span>\n\t\t\t\t\t\t\t\t\t\t\t\t\t\t\t\t\t\t\t\t\t\t<\/span>\n\t\t\t\t\t\t\t\t\t\t\t\t\t\t\t\t\t\t<a class=\"elementor-accordion-title\" href=\"\">F\u00fcr Informations- und Angebotsanfragen<\/a>\n\t\t\t\t\t<\/h4>\n\t\t\t\t\t<div id=\"elementor-tab-content-2391\" class=\"elementor-tab-content elementor-clearfix active-default\" data-tab=\"1\" role=\"tabpanel\" aria-labelledby=\"elementor-tab-title-2391\"><p>\n<div class=\"wpcf7 no-js\" id=\"wpcf7-f4043-o1\" lang=\"de-DE\" dir=\"ltr\" data-wpcf7-id=\"4043\">\n<div class=\"screen-reader-response\"><p role=\"status\" aria-live=\"polite\" aria-atomic=\"true\"><\/p> <ul><\/ul><\/div>\n<form action=\"\/de\/wp-json\/wp\/v2\/pages\/3932#wpcf7-f4043-o1\" method=\"post\" class=\"wpcf7-form init\" aria-label=\"Kontaktformular\" novalidate=\"novalidate\" data-status=\"init\">\n<fieldset class=\"hidden-fields-container\"><input type=\"hidden\" name=\"_wpcf7\" value=\"4043\" \/><input type=\"hidden\" name=\"_wpcf7_version\" value=\"6.1.5\" \/><input type=\"hidden\" name=\"_wpcf7_locale\" value=\"de_DE\" \/><input type=\"hidden\" name=\"_wpcf7_unit_tag\" value=\"wpcf7-f4043-o1\" \/><input type=\"hidden\" name=\"_wpcf7_container_post\" value=\"0\" \/><input type=\"hidden\" name=\"_wpcf7_posted_data_hash\" value=\"\" \/><input type=\"hidden\" name=\"_wpcf7_recaptcha_response\" value=\"\" \/>\n<\/fieldset>\n<style>\n.row{ display:flex; }\n.row .one-half { min-width:50%; padding-right:25px; }\n.row.full { width:100%; padding-right:25px; }\n@media screen and (max-width:767px){\n .row{ flex-direction:column; } \n .row .one-half { min-width:100%; padding:0px; }\n}\n<\/style>\n<div class=\"container\">\n\t<div class=\"row\">\n\t\t<div class=\"columns one-half\">\n\t\t\t<div class=\"container\">\n\t\t\t\t<div class=\"row\">\n\t\t\t\t\t<div class=\"columns full\">\n\t\t\t\t\t\t<div class=\"field\">\n\t\t\t\t\t\t\t<p><label>VOR- UND NACHNAME<\/label><span class=\"wpcf7-form-control-wrap\" data-name=\"your-name\"><input size=\"40\" maxlength=\"400\" class=\"wpcf7-form-control wpcf7-text wpcf7-validates-as-required\" aria-required=\"true\" aria-invalid=\"false\" value=\"\" type=\"text\" name=\"your-name\" \/><\/span>\n\t\t\t\t\t\t\t<\/p>\n\t\t\t\t\t\t\t<p class=\"info-tip\">\n\t\t\t\t\t\t\t<\/p>\n\t\t\t\t\t\t<\/div>\n\t\t\t\t\t<\/div>\n\t\t\t\t<\/div>\n\t\t\t<\/div>\n\t\t\t<div class=\"container\">\n\t\t\t\t<div class=\"row\">\n\t\t\t\t\t<div class=\"columns full\">\n\t\t\t\t\t\t<div class=\"field\">\n\t\t\t\t\t\t\t<p><label>E-MAIL<\/label><span class=\"wpcf7-form-control-wrap\" data-name=\"your-email\"><input size=\"40\" maxlength=\"400\" class=\"wpcf7-form-control wpcf7-email wpcf7-validates-as-required wpcf7-text wpcf7-validates-as-email\" aria-required=\"true\" aria-invalid=\"false\" value=\"\" type=\"email\" name=\"your-email\" \/><\/span>\n\t\t\t\t\t\t\t<\/p>\n\t\t\t\t\t\t\t<p class=\"info-tip\">\n\t\t\t\t\t\t\t<\/p>\n\t\t\t\t\t\t<\/div>\n\t\t\t\t\t<\/div>\n\t\t\t\t<\/div>\n\t\t\t<\/div>\n\t\t\t<div class=\"container\">\n\t\t\t\t<div class=\"row\">\n\t\t\t\t\t<div class=\"columns full\">\n\t\t\t\t\t\t<div class=\"field\">\n\t\t\t\t\t\t\t<p><label>TELEFON<\/label><span class=\"wpcf7-form-control-wrap\" data-name=\"phone\"><input size=\"40\" maxlength=\"400\" class=\"wpcf7-form-control wpcf7-tel wpcf7-text wpcf7-validates-as-tel\" aria-invalid=\"false\" value=\"\" type=\"tel\" name=\"phone\" \/><\/span>\n\t\t\t\t\t\t\t<\/p>\n\t\t\t\t\t\t\t<p class=\"info-tip\">\n\t\t\t\t\t\t\t<\/p>\n\t\t\t\t\t\t<\/div>\n\t\t\t\t\t<\/div>\n\t\t\t\t<\/div>\n\t\t\t<\/div>\n\t\t\t<div class=\"container\">\n\t\t\t\t<div class=\"row\">\n\t\t\t\t\t<div class=\"columns full\">\n\t\t\t\t\t\t<div class=\"field\">\n\t\t\t\t\t\t\t<p><label>BETREFF<\/label><span class=\"wpcf7-form-control-wrap\" data-name=\"your-subject\"><input size=\"40\" maxlength=\"400\" class=\"wpcf7-form-control wpcf7-text\" aria-invalid=\"false\" value=\"\" type=\"text\" name=\"your-subject\" \/><\/span>\n\t\t\t\t\t\t\t<\/p>\n\t\t\t\t\t\t\t<p class=\"info-tip\">\n\t\t\t\t\t\t\t<\/p>\n\t\t\t\t\t\t<\/div>\n\t\t\t\t\t<\/div>\n\t\t\t\t<\/div>\n\t\t\t<\/div>\n\t\t<\/div>\n\t\t<div class=\"columns one-half\">\n\t\t\t<div class=\"container\">\n\t\t\t\t<div class=\"row\">\n\t\t\t\t\t<div class=\"columns full\">\n\t\t\t\t\t\t<div class=\"field\">\n\t\t\t\t\t\t\t<p><label>NACHRICHT<\/label><span class=\"wpcf7-form-control-wrap\" data-name=\"your-message\"><textarea cols=\"40\" rows=\"9\" maxlength=\"2000\" class=\"wpcf7-form-control wpcf7-textarea wpcf7-validates-as-required\" aria-required=\"true\" aria-invalid=\"false\" name=\"your-message\"><\/textarea><\/span>\n\t\t\t\t\t\t\t<\/p>\n\t\t\t\t\t\t\t<p class=\"info-tip\">\n\t\t\t\t\t\t\t<\/p>\n\t\t\t\t\t\t<\/div>\n\t\t\t\t\t<\/div>\n\t\t\t\t<\/div>\n\t\t\t<\/div>\n\t\t<\/div>\n\t<\/div>\n<\/div>\n<div class=\"container\">\n\t<div class=\"row\">\n\t\t<div style=\"margin-top:10px\" class=\"columns full\">\n\t\t\t<p>EINWILLIGUNG<br \/>\n\t\t\t\t<font style=\"color:red\">*\n\t\t\t\t<\/font>\n\t\t\t<\/p>\n\t\t\t<p style=\"font-size: 15px;line-height: 23px\">Gem\u00e4\u00df den Artikeln 13 und 14 der <a class=\"link_04 sottolineato\" style=\"text-decoration:underline;color:#000000;font-weight: bold\" href=\"https:\/\/www.garanteprivacy.it\/regolamentoue\" title=\"Website des Datenschutzbeauftragten\" target=\"_blank\">EU-Verordnung 2016\/679 <\/a>\u2013 Europ\u00e4ische Datenschutz-Grundverordnung (DSGVO) \u2013 wird gr\u00f6\u00dfter Wert auf den Schutz der Privatsph\u00e4re der Besucher gelegt.<br \/>\nDie \u00fcber dieses Kontaktformular erhobenen Daten werden ausschlie\u00dflich zum Informationsaustausch zwischen dieser Website und dem Inhaber der angegebenen E-Mail-Adresse verwendet.<br \/>\nDer Unterzeichner erkl\u00e4rt sich mit der Verarbeitung seiner personenbezogenen Daten einverstanden, in dem Bewusstsein, dass diese ausschlie\u00dflich zur Bearbeitung der angeforderten Webdienste verwendet werden.\n\t\t\t<\/p>\n\t\t\t<p style=\"font-size: 16px;line-height: 24px\">Bitte das Feld \u201eIch stimme zu\u201c ausw\u00e4hlen, um fortzufahren:\n\t\t\t<\/p>\n\t\t<\/div>\n\t<\/div>\n<\/div>\n<div class=\"container\">\n\t<div class=\"row\">\n\t\t<div class=\"columns full\">\n\t\t\t<div style=\"margin-top:10px\" class=\"field\">\n\t\t\t\t<p>Ich stimme zu<span class=\"wpcf7-form-control-wrap\" data-name=\"acceptance-455\"><span class=\"wpcf7-form-control wpcf7-acceptance\"><span class=\"wpcf7-list-item\"><input type=\"checkbox\" name=\"acceptance-455\" value=\"1\" aria-invalid=\"false\" \/><\/span><\/span><\/span>\n\t\t\t\t<\/p>\n\t\t\t\t<p class=\"info-tip\">\n\t\t\t\t<\/p>\n\t\t\t<\/div>\n\t\t<\/div>\n\t<\/div>\n<\/div>\n<div class=\"container\">\n\t<div class=\"row\">\n\t\t<div class=\"columns full\">\n\t\t\t<div>\n\t\t\t\t<p><label><\/label>\n\t\t\t\t\n\t\t\t\t<\/p>\n\t\t\t\t<p class=\"info-tip\">\n\t\t\t\t<\/p>\n\t\t\t<\/div>\n\t\t<\/div>\n\t<\/div>\n<\/div>\n<div class=\"container\">\n\t<div class=\"row\">\n\t\t<div class=\"columns two\">\n\t\t\t<div style=\"margin-top:10px\">\n\t\t\t\t<p><label><\/label><input class=\"wpcf7-form-control wpcf7-submit has-spinner\" type=\"submit\" value=\"SENDEN\" \/>\n\t\t\t\t<\/p>\n\t\t\t\t<p class=\"info-tip\">\n\t\t\t\t<\/p>\n\t\t\t<\/div>\n\t\t<\/div>\n\t<\/div>\n<\/div>\n<div class=\"container\">\n\t<div class=\"row\">\n\t\t<div class=\"columns full\">\n\t\t\t<div style=\"font-size:0.7em\">\n\t\t\t\t<p>Gesch\u00fctzt durch reCAPTCHA \u2013 <a target=\"_NEW\" href=\"https:\/\/policies.google.com\/privacy\">Datenschutzrichtlinie<\/a> und <a href=\"https:\/\/policies.google.com\/terms\" target=\"_NEW\">Nutzungsbedingungen<\/a>\n\t\t\t\t<\/p>\n\t\t\t<\/div>\n\t\t\t<p class=\"info-tip\">\n\t\t\t<\/p>\n\t\t<\/div>\n\t<\/div>\n<\/div><div class=\"wpcf7-response-output\" aria-hidden=\"true\"><\/div>\n<\/form>\n<\/div>\n<\/p>\n<\/div>\n\t\t\t\t<\/div>\n\t\t\t\t\t\t\t<div class=\"elementor-accordion-item\">\n\t\t\t\t\t<h4 id=\"elementor-tab-title-2392\" class=\"elementor-tab-title the7-accordion-header\" data-tab=\"2\" role=\"tab\" aria-controls=\"elementor-tab-content-2392\">\n\n\t\t\t\t\t\t\t\t\t\t\t\t\t<span class=\"elementor-accordion-icon elementor-accordion-icon-left\" aria-hidden=\"true\">\n\t\t\t\t\t\t\t\t\t\t\t\t\t\t\t<span class=\"elementor-accordion-icon-closed\"><svg class=\"e-font-icon-svg e-fas-caret-down\" viewBox=\"0 0 320 512\" xmlns=\"http:\/\/www.w3.org\/2000\/svg\"><path d=\"M31.3 192h257.3c17.8 0 26.7 21.5 14.1 34.1L174.1 354.8c-7.8 7.8-20.5 7.8-28.3 0L17.2 226.1C4.6 213.5 13.5 192 31.3 192z\"><\/path><\/svg><\/span>\n\t\t\t\t\t\t\t\t\t\t\t\t\t\t\t\t\t<span class=\"elementor-accordion-icon-opened\"><svg class=\"e-font-icon-svg e-fas-caret-up\" viewBox=\"0 0 320 512\" xmlns=\"http:\/\/www.w3.org\/2000\/svg\"><path d=\"M288.662 352H31.338c-17.818 0-26.741-21.543-14.142-34.142l128.662-128.662c7.81-7.81 20.474-7.81 28.284 0l128.662 128.662c12.6 12.599 3.676 34.142-14.142 34.142z\"><\/path><\/svg><\/span>\n\t\t\t\t\t\t\t\t\t\t\t\t\t\t\t\t\t\t\t\t\t\t<\/span>\n\t\t\t\t\t\t\t\t\t\t\t\t\t\t\t\t\t\t<a class=\"elementor-accordion-title\" href=\"\">Arbeiten Sie mit uns, senden Sie uns Ihren Lebenslauf<\/a>\n\t\t\t\t\t<\/h4>\n\t\t\t\t\t<div id=\"elementor-tab-content-2392\" class=\"elementor-tab-content elementor-clearfix\" data-tab=\"2\" role=\"tabpanel\" aria-labelledby=\"elementor-tab-title-2392\"><p>\n<div class=\"wpcf7 no-js\" id=\"wpcf7-f5452-o2\" lang=\"de-DE\" dir=\"ltr\" data-wpcf7-id=\"5452\">\n<div class=\"screen-reader-response\"><p role=\"status\" aria-live=\"polite\" aria-atomic=\"true\"><\/p> <ul><\/ul><\/div>\n<form action=\"\/de\/wp-json\/wp\/v2\/pages\/3932#wpcf7-f5452-o2\" method=\"post\" class=\"wpcf7-form init\" aria-label=\"Kontaktformular\" enctype=\"multipart\/form-data\" novalidate=\"novalidate\" data-status=\"init\">\n<fieldset class=\"hidden-fields-container\"><input type=\"hidden\" name=\"_wpcf7\" value=\"5452\" \/><input type=\"hidden\" name=\"_wpcf7_version\" value=\"6.1.5\" \/><input type=\"hidden\" name=\"_wpcf7_locale\" value=\"de_DE\" \/><input type=\"hidden\" name=\"_wpcf7_unit_tag\" value=\"wpcf7-f5452-o2\" \/><input type=\"hidden\" name=\"_wpcf7_container_post\" value=\"0\" \/><input type=\"hidden\" name=\"_wpcf7_posted_data_hash\" value=\"\" \/><input type=\"hidden\" name=\"_wpcf7_recaptcha_response\" value=\"\" \/>\n<\/fieldset>\n<style>\n.row{ display:flex; }\n.row .one-half { min-width:50%; padding-right:25px; }\n.row.full { width:100%; padding-right:25px; }\n@media screen and (max-width:767px){\n .row{ flex-direction:column; } \n .row .one-half { min-width:100%; padding:0px; }\n}\n<\/style>\n<div class=\"container\">\n\t<div class=\"row\">\n\t\t<div class=\"columns one-half\">\n\t\t\t<div class=\"container\">\n\t\t\t\t<div class=\"row\">\n\t\t\t\t\t<div class=\"columns full\">\n\t\t\t\t\t\t<div class=\"field\">\n\t\t\t\t\t\t\t<p><label>VOR- UND NACHNAME <em>*<\/em><\/label><span class=\"wpcf7-form-control-wrap\" data-name=\"your-name\"><input size=\"40\" maxlength=\"400\" class=\"wpcf7-form-control wpcf7-text wpcf7-validates-as-required\" aria-required=\"true\" aria-invalid=\"false\" value=\"\" type=\"text\" name=\"your-name\" \/><\/span>\n\t\t\t\t\t\t\t<\/p>\n\t\t\t\t\t\t\t<p class=\"info-tip\">\n\t\t\t\t\t\t\t<\/p>\n\t\t\t\t\t\t<\/div>\n\t\t\t\t\t<\/div>\n\t\t\t\t<\/div>\n\t\t\t<\/div>\n\t\t\t<div class=\"container\">\n\t\t\t\t<div class=\"row\">\n\t\t\t\t\t<div class=\"columns full\">\n\t\t\t\t\t\t<div class=\"field\">\n\t\t\t\t\t\t\t<p><label for=\"\">E-MAIL <em>*<\/em><\/label><span class=\"wpcf7-form-control-wrap\" data-name=\"your-email\"><input size=\"40\" maxlength=\"400\" class=\"wpcf7-form-control wpcf7-email wpcf7-validates-as-required wpcf7-text wpcf7-validates-as-email\" aria-required=\"true\" aria-invalid=\"false\" value=\"\" type=\"email\" name=\"your-email\" \/><\/span>\n\t\t\t\t\t\t\t<\/p>\n\t\t\t\t\t\t\t<p class=\"info-tip\">\n\t\t\t\t\t\t\t<\/p>\n\t\t\t\t\t\t<\/div>\n\t\t\t\t\t<\/div>\n\t\t\t\t<\/div>\n\t\t\t<\/div>\n\t\t\t<div class=\"container\">\n\t\t\t\t<div class=\"row\">\n\t\t\t\t\t<div class=\"columns full\">\n\t\t\t\t\t\t<div class=\"field\">\n\t\t\t\t\t\t\t<p><label for=\"\">TELEFON<\/label><span class=\"wpcf7-form-control-wrap\" data-name=\"your-tel\"><input size=\"40\" maxlength=\"400\" class=\"wpcf7-form-control wpcf7-tel wpcf7-text wpcf7-validates-as-tel\" aria-invalid=\"false\" value=\"\" type=\"tel\" name=\"your-tel\" \/><\/span>\n\t\t\t\t\t\t\t<\/p>\n\t\t\t\t\t\t\t<p class=\"info-tip\">\n\t\t\t\t\t\t\t<\/p>\n\t\t\t\t\t\t<\/div>\n\t\t\t\t\t<\/div>\n\t\t\t\t<\/div>\n\t\t\t<\/div>\n\t\t\t<div class=\"container\">\n\t\t\t\t<div class=\"row\">\n\t\t\t\t\t<div class=\"columns full\">\n\t\t\t\t\t\t<div style=\"margin-bottom:10px\" class=\"field file\">\n\t\t\t\t\t\t\t<p><label for=\"\">Lebenslauf anh\u00e4ngen<\/label><span class=\"wpcf7-form-control-wrap\" data-name=\"file-815\"><input size=\"40\" class=\"wpcf7-form-control wpcf7-file\" accept=\".doc,.docx,.pdf,.jpg,.png,.txt,.rtf\" aria-invalid=\"false\" type=\"file\" name=\"file-815\" \/><\/span>\n\t\t\t\t\t\t\t<\/p>\n\t\t\t\t\t\t\t<p class=\"info-tip\">\n\t\t\t\t\t\t\t<\/p>\n\t\t\t\t\t\t<\/div>\n\t\t\t\t\t<\/div>\n\t\t\t\t<\/div>\n\t\t\t<\/div>\n\t\t<\/div>\n\t\t<div class=\"columns one-half\">\n\t\t\t<div class=\"container\">\n\t\t\t\t<div class=\"row\">\n\t\t\t\t\t<div class=\"columns full\">\n\t\t\t\t\t\t<div class=\"field textarea required\">\n\t\t\t\t\t\t\t<p><label for=\"\">PR\u00c4SENTATIONSBOTSCHAFT <em>*<\/em><\/label><span class=\"wpcf7-form-control-wrap\" data-name=\"your-message\"><textarea cols=\"40\" rows=\"8\" maxlength=\"2000\" class=\"wpcf7-form-control wpcf7-textarea wpcf7-validates-as-required\" aria-required=\"true\" aria-invalid=\"false\" name=\"your-message\"><\/textarea><\/span>\n\t\t\t\t\t\t\t<\/p>\n\t\t\t\t\t\t\t<p class=\"info-tip\">\n\t\t\t\t\t\t\t<\/p>\n\t\t\t\t\t\t<\/div>\n\t\t\t\t\t<\/div>\n\t\t\t\t<\/div>\n\t\t\t<\/div>\n\t\t<\/div>\n\t<\/div>\n<\/div>\n<div class=\"container\">\n\t<div class=\"row\">\n\t\t<div style=\"margin-top:10px\" class=\"columns full\">\n\t\t\t<p>EINWILLIGUNG<br \/>\n\t\t\t\t<font style=\"color:red\">*\n\t\t\t\t<\/font>\n\t\t\t<\/p>\n\t\t\t<p style=\"font-size: 15px;line-height: 23px\">Gem\u00e4\u00df den Artikeln 13 und 14 der <a class=\"link_04 sottolineato\" style=\"text-decoration:underline;color:#000000;font-weight: bold\" href=\"https:\/\/www.garanteprivacy.it\/regolamentoue\" title=\"Website des Datenschutzbeauftragten\" target=\"_blank\">EU-Verordnung 2016\/679 <\/a>\u2013 Europ\u00e4ische Datenschutz-Grundverordnung (DSGVO) \u2013 wird gr\u00f6\u00dfter Wert auf den Schutz der Privatsph\u00e4re der Besucher gelegt.<br \/>\nDie \u00fcber dieses Kontaktformular erhobenen Daten werden ausschlie\u00dflich zum Informationsaustausch zwischen dieser Website und dem Inhaber der angegebenen E-Mail-Adresse verwendet.<br \/>\nDer Unterzeichner erkl\u00e4rt sich mit der Verarbeitung seiner personenbezogenen Daten einverstanden, in dem Bewusstsein, dass diese ausschlie\u00dflich zur Bearbeitung der angeforderten Webdienste verwendet werden.\n\t\t\t<\/p>\n\t\t\t<p style=\"font-size: 16px;line-height: 24px\">Bitte das Feld \u201eIch stimme zu\u201c ausw\u00e4hlen, um fortzufahren:\n\t\t\t<\/p>\n\t\t<\/div>\n\t<\/div>\n<\/div>\n<div class=\"container\">\n\t<div class=\"row\">\n\t\t<div class=\"columns full\">\n\t\t\t<div style=\"margin-top:10px\" class=\"field\">\n\t\t\t\t<p>Ich stimme zu<span class=\"wpcf7-form-control-wrap\" data-name=\"acceptance-455\"><span class=\"wpcf7-form-control wpcf7-acceptance\"><span class=\"wpcf7-list-item\"><input type=\"checkbox\" name=\"acceptance-455\" value=\"1\" aria-invalid=\"false\" \/><\/span><\/span><\/span>\n\t\t\t\t<\/p>\n\t\t\t\t<p class=\"info-tip\">\n\t\t\t\t<\/p>\n\t\t\t<\/div>\n\t\t<\/div>\n\t<\/div>\n<\/div>\n<div class=\"container\">\n\t<div class=\"row\">\n\t\t<div class=\"columns full\">\n\t\t\t<div>\n\t\t\t\t<p><label><\/label>\n\t\t\t\t\n\t\t\t\t<\/p>\n\t\t\t\t<p class=\"info-tip\">\n\t\t\t\t<\/p>\n\t\t\t<\/div>\n\t\t<\/div>\n\t<\/div>\n<\/div>\n<div class=\"container\">\n\t<div class=\"row\">\n\t\t<div class=\"columns two\">\n\t\t\t<div style=\"margin-top:10px\">\n\t\t\t\t<p><label><\/label><input class=\"wpcf7-form-control wpcf7-submit has-spinner\" type=\"submit\" value=\"SENDEN\" \/>\n\t\t\t\t<\/p>\n\t\t\t\t<p class=\"info-tip\">\n\t\t\t\t<\/p>\n\t\t\t<\/div>\n\t\t<\/div>\n\t<\/div>\n<\/div>\n<div class=\"container\">\n\t<div class=\"row\">\n\t\t<div class=\"columns full\">\n\t\t\t<div style=\"font-size:0.7em\">\n\t\t\t\t<p>Gesch\u00fctzt durch reCAPTCHA \u2013 <a target=\"_NEW\" href=\"https:\/\/policies.google.com\/privacy\">Datenschutzrichtlinie<\/a> und <a href=\"https:\/\/policies.google.com\/terms\" target=\"_NEW\">Nutzungsbedingungen<\/a>\n\t\t\t\t<\/p>\n\t\t\t<\/div>\n\t\t\t<p class=\"info-tip\">\n\t\t\t<\/p>\n\t\t<\/div>\n\t<\/div>\n<\/div><div class=\"wpcf7-response-output\" aria-hidden=\"true\"><\/div>\n<\/form>\n<\/div>\n<\/p>\n<\/div>\n\t\t\t\t<\/div>\n\t\t\t\t\t<\/div>\n\t\t\t\t\t\t<\/div>\n\t\t\t\t<\/div>\n\t\t\t\t<\/div>\n\t\t<div class=\"elementor-element elementor-element-465ec82 e-con-full e-flex e-con e-child\" data-id=\"465ec82\" data-element_type=\"container\" data-e-type=\"container\">\n\t\t\t\t<div class=\"elementor-element elementor-element-55e44bc elementor-widget-tablet__width-initial elementor-widget elementor-widget-text-editor\" data-id=\"55e44bc\" data-element_type=\"widget\" data-e-type=\"widget\" data-widget_type=\"text-editor.default\">\n\t\t\t\t<div class=\"elementor-widget-container\">\n\t\t\t\t\t\t\t\t\t<p><strong>Cartotrentina S.r.l.<br><\/strong>Via della Rupe, 29<br>Zona Industriale <br>38017 Mezzolombardo (Trento) <br>Italia<\/p><p>Tel. +39 0461 605600<br>Fax +39 0461 602040<\/p>\t\t\t\t\t\t\t\t<\/div>\n\t\t\t\t<\/div>\n\t\t\t\t<div class=\"elementor-element elementor-element-36417c1 elementor-widget-tablet__width-initial elementor-widget elementor-widget-text-editor\" data-id=\"36417c1\" data-element_type=\"widget\" data-e-type=\"widget\" data-widget_type=\"text-editor.default\">\n\t\t\t\t<div class=\"elementor-widget-container\">\n\t\t\t\t\t\t\t\t\t<p>Einpersonengesellschaft, geleitet und koordiniert von Dolcart Holding S.R.L.<br>Handelsregisternummer (REA) 243039 \u2013 MwSt.-Nr. \/ Steuernr. 02691910224 voll eingezahltes Stammkapital 1.000.000,00 Euro MwSt.-Nr. \/ Steuernr. 02691910224<\/p>\t\t\t\t\t\t\t\t<\/div>\n\t\t\t\t<\/div>\n\t\t\t\t<div class=\"elementor-element elementor-element-39a8fc7 elementor-widget elementor-widget-google_maps\" data-id=\"39a8fc7\" data-element_type=\"widget\" data-e-type=\"widget\" data-widget_type=\"google_maps.default\">\n\t\t\t\t<div class=\"elementor-widget-container\">\n\t\t\t\t\t\t\t<div class=\"elementor-custom-embed\">\n\t\t\t<iframe loading=\"lazy\"\n\t\t\t\t\tsrc=\"https:\/\/maps.google.com\/maps?q=cartotrentina%20srl&#038;t=m&#038;z=10&#038;output=embed&#038;iwloc=near\"\n\t\t\t\t\ttitle=\"cartotrentina srl\"\n\t\t\t\t\taria-label=\"cartotrentina srl\"\n\t\t\t><\/iframe>\n\t\t<\/div>\n\t\t\t\t\t\t<\/div>\n\t\t\t\t<\/div>\n\t\t\t\t<\/div>\n\t\t\t\t\t<\/div>\n\t\t\t\t<\/div>\n\t\t\t\t<\/div>\n\t\t","protected":false},"excerpt":{"rendered":"<p>Unsere Kontaktdaten F\u00fcr Informations- und Angebotsanfragen NOME E COGNOME* E-MAIL* TELEFONO OGGETTO MESSAGGIO* CONSENSO * Ai sensi dell\u2019art. 13 e 14 del Regolamento UE 2016\/679 &#8211; Regolamento europeo in materia di protezione dei dati personali &#8211; ogni attenzione \u00e8 posta per tutelare la privacy dei visitatori. I dati raccolti da questo modulo di contatto non&hellip;<\/p>\n","protected":false},"author":1,"featured_media":0,"parent":0,"menu_order":0,"comment_status":"closed","ping_status":"closed","template":"elementor_header_footer","meta":{"_acf_changed":false,"inline_featured_image":false,"footnotes":""},"class_list":["post-3932","page","type-page","status-publish","hentry"],"acf":[],"aioseo_notices":[],"_links":{"self":[{"href":"https:\/\/cartotrentina.com\/de\/wp-json\/wp\/v2\/pages\/3932","targetHints":{"allow":["GET"]}}],"collection":[{"href":"https:\/\/cartotrentina.com\/de\/wp-json\/wp\/v2\/pages"}],"about":[{"href":"https:\/\/cartotrentina.com\/de\/wp-json\/wp\/v2\/types\/page"}],"author":[{"embeddable":true,"href":"https:\/\/cartotrentina.com\/de\/wp-json\/wp\/v2\/users\/1"}],"replies":[{"embeddable":true,"href":"https:\/\/cartotrentina.com\/de\/wp-json\/wp\/v2\/comments?post=3932"}],"version-history":[{"count":5,"href":"https:\/\/cartotrentina.com\/de\/wp-json\/wp\/v2\/pages\/3932\/revisions"}],"predecessor-version":[{"id":5447,"href":"https:\/\/cartotrentina.com\/de\/wp-json\/wp\/v2\/pages\/3932\/revisions\/5447"}],"wp:attachment":[{"href":"https:\/\/cartotrentina.com\/de\/wp-json\/wp\/v2\/media?parent=3932"}],"curies":[{"name":"wp","href":"https:\/\/api.w.org\/{rel}","templated":true}]}}