{"id":5247,"date":"2025-09-25T17:24:13","date_gmt":"2025-09-25T17:24:13","guid":{"rendered":"https:\/\/cartotrentina.com\/ueber-uns\/"},"modified":"2025-12-22T15:06:41","modified_gmt":"2025-12-22T15:06:41","slug":"ueber-uns","status":"publish","type":"page","link":"https:\/\/cartotrentina.com\/de\/ueber-uns\/","title":{"rendered":"\u00dcber uns"},"content":{"rendered":"\t\t<div data-elementor-type=\"wp-page\" data-elementor-id=\"5247\" class=\"elementor elementor-5247 elementor-2788\" data-elementor-post-type=\"page\">\n\t\t\t\t<div class=\"elementor-element elementor-element-0cb7e2b e-con-full e-flex e-con e-parent\" data-id=\"0cb7e2b\" data-element_type=\"container\" data-e-type=\"container\" data-settings=\"{&quot;background_background&quot;:&quot;classic&quot;}\">\n\t\t\t\t<div class=\"elementor-element elementor-element-c75d3d9 elementor-widget elementor-widget-spacer\" data-id=\"c75d3d9\" data-element_type=\"widget\" data-e-type=\"widget\" data-widget_type=\"spacer.default\">\n\t\t\t\t<div class=\"elementor-widget-container\">\n\t\t\t\t\t\t\t<div class=\"elementor-spacer\">\n\t\t\t<div class=\"elementor-spacer-inner\"><\/div>\n\t\t<\/div>\n\t\t\t\t\t\t<\/div>\n\t\t\t\t<\/div>\n\t\t\t\t<\/div>\n\t\t<div class=\"elementor-element elementor-element-57c3cb5 e-flex e-con-boxed e-con e-parent\" data-id=\"57c3cb5\" data-element_type=\"container\" data-e-type=\"container\" data-settings=\"{&quot;background_background&quot;:&quot;classic&quot;}\">\n\t\t\t\t\t<div class=\"e-con-inner\">\n\t\t<div class=\"elementor-element elementor-element-2eedb07 e-con-full e-flex e-con e-child\" data-id=\"2eedb07\" data-element_type=\"container\" data-e-type=\"container\" data-settings=\"{&quot;animation&quot;:&quot;none&quot;,&quot;animation_delay&quot;:10}\">\n\t\t\t\t<div class=\"elementor-element elementor-element-6d5c674 elementor-widget__width-initial elementor-widget elementor-widget-heading\" data-id=\"6d5c674\" data-element_type=\"widget\" data-e-type=\"widget\" data-widget_type=\"heading.default\">\n\t\t\t\t<div class=\"elementor-widget-container\">\n\t\t\t\t\t<h1 class=\"elementor-heading-title elementor-size-default\">DAS IMAGE Z\u00c4HLT. MEHR DENN JE.<\/h1>\t\t\t\t<\/div>\n\t\t\t\t<\/div>\n\t\t\t\t<\/div>\n\t\t<div class=\"elementor-element elementor-element-e9a54dc e-con-full e-flex e-con e-child\" data-id=\"e9a54dc\" data-element_type=\"container\" data-e-type=\"container\" data-settings=\"{&quot;animation&quot;:&quot;none&quot;,&quot;animation_delay&quot;:14}\">\n\t\t\t\t<div class=\"elementor-element elementor-element-985ae90 elementor-widget elementor-widget-text-editor\" data-id=\"985ae90\" data-element_type=\"widget\" data-e-type=\"widget\" data-widget_type=\"text-editor.default\">\n\t\t\t\t<div class=\"elementor-widget-container\">\n\t\t\t\t\t\t\t\t\t<p>In einem Markt, in dem das Erscheinungsbild eine Schl\u00fcsselrolle f\u00fcr die Wahrnehmung und den Erfolg eines Produkts spielt, kann die Art und Weise, wie dieses den \u2013 immer aufmerksamer und w\u00e4hlerischer werdenden \u2013 Augen der Verbraucher pr\u00e4sentiert wird, tats\u00e4chlich den Unterschied ausmachen.<\/p><p>Oft ist es gerade die Verpackung, die zuerst die Aufmerksamkeit auf sich zieht: Wenn der erste Eindruck \u00fcberzeugt, ist ein gro\u00dfer Teil des Weges vom Hersteller zum Kunden bereits geschafft.<\/p><p>Deshalb investieren die aufmerksamsten Unternehmen Ressourcen, Zeit und Know-how in die Pflege des visuellen und kommunikativen Erscheinungsbildes ihrer Produkte.<br>Cartotrentina wurde genau mit diesem Ziel gegr\u00fcndet: Die Identit\u00e4t jedes Produkts durch ma\u00dfgeschneiderte, hochwertige Verpackungsl\u00f6sungen bestm\u00f6glich hervorzuheben. <\/p>\t\t\t\t\t\t\t\t<\/div>\n\t\t\t\t<\/div>\n\t\t\t\t<\/div>\n\t\t\t\t\t<\/div>\n\t\t\t\t<\/div>\n\t\t<div class=\"elementor-element elementor-element-a133ce0 e-flex e-con-boxed e-con e-parent\" data-id=\"a133ce0\" data-element_type=\"container\" data-e-type=\"container\">\n\t\t\t\t\t<div class=\"e-con-inner\">\n\t\t<div class=\"elementor-element elementor-element-766b0c2 e-con-full e-flex e-con e-child\" data-id=\"766b0c2\" data-element_type=\"container\" data-e-type=\"container\" data-settings=\"{&quot;background_background&quot;:&quot;classic&quot;}\">\n\t\t\t\t<div class=\"elementor-element elementor-element-d6cf923 elementor-widget elementor-widget-spacer\" data-id=\"d6cf923\" data-element_type=\"widget\" data-e-type=\"widget\" data-widget_type=\"spacer.default\">\n\t\t\t\t<div class=\"elementor-widget-container\">\n\t\t\t\t\t\t\t<div class=\"elementor-spacer\">\n\t\t\t<div class=\"elementor-spacer-inner\"><\/div>\n\t\t<\/div>\n\t\t\t\t\t\t<\/div>\n\t\t\t\t<\/div>\n\t\t\t\t<\/div>\n\t\t\t\t<div class=\"elementor-element elementor-element-6d4094a elementor-widget__width-initial elementor-widget elementor-widget-text-editor\" data-id=\"6d4094a\" data-element_type=\"widget\" data-e-type=\"widget\" data-widget_type=\"text-editor.default\">\n\t\t\t\t<div class=\"elementor-widget-container\">\n\t\t\t\t\t\t\t\t\t<p>Dank eines Teams mit langj\u00e4hriger Erfahrung und dem Einsatz modernster Technologien begleitet Cartotrentina den Kunden bei der Suche nach der optimalen L\u00f6sung, um die Anforderungen seines Marktes zu interpretieren \u2013 durch die Kombination von Kreativit\u00e4t, Funktionalit\u00e4t und Stil.<\/p><p>Jedes Projekt wird ma\u00dfgeschneidert konzipiert und umgesetzt, in enger Zusammenarbeit mit dem Kunden und \u2013 wenn n\u00f6tig \u2013 mit Kommunikationsagenturen und spezialisierten Designstudios. Das Ergebnis ist ein originelles, exklusives Produkt, das sich wirklich abhebt. <\/p><p>Sorgf\u00e4ltig ausgew\u00e4hlte Materialien, flexible Verarbeitungen und h\u00f6chste Liebe zum Detail machen Cartotrentina zu einem Referenzunternehmen im Bereich hochwertiger Verpackungen \u2013 gesch\u00e4tzt und vertraut von namhaften italienischen und europ\u00e4ischen Marken.<\/p>\t\t\t\t\t\t\t\t<\/div>\n\t\t\t\t<\/div>\n\t\t\t\t\t<\/div>\n\t\t\t\t<\/div>\n\t\t<div class=\"elementor-element elementor-element-bbf0ad1 e-con-full e-flex e-con e-parent\" data-id=\"bbf0ad1\" data-element_type=\"container\" data-e-type=\"container\">\n\t\t\t\t<div class=\"elementor-element elementor-element-1fc3bd6 elementor-widget elementor-widget-image\" data-id=\"1fc3bd6\" data-element_type=\"widget\" data-e-type=\"widget\" data-widget_type=\"image.default\">\n\t\t\t\t<div class=\"elementor-widget-container\">\n\t\t\t\t\t\t\t\t\t\t\t\t\t\t\t<img loading=\"lazy\" decoding=\"async\" width=\"1200\" height=\"1000\" src=\"https:\/\/cartotrentina.com\/wp-content\/uploads\/2025\/09\/cartotrentina-chi-siamo-tecnologia.jpg\" class=\"attachment-full size-full wp-image-5241\" alt=\"\" srcset=\"https:\/\/cartotrentina.com\/wp-content\/uploads\/2025\/09\/cartotrentina-chi-siamo-tecnologia.jpg 1200w, https:\/\/cartotrentina.com\/wp-content\/uploads\/2025\/09\/cartotrentina-chi-siamo-tecnologia-300x250.jpg 300w, https:\/\/cartotrentina.com\/wp-content\/uploads\/2025\/09\/cartotrentina-chi-siamo-tecnologia-1024x853.jpg 1024w, https:\/\/cartotrentina.com\/wp-content\/uploads\/2025\/09\/cartotrentina-chi-siamo-tecnologia-768x640.jpg 768w\" sizes=\"auto, (max-width: 1200px) 100vw, 1200px\" \/>\t\t\t\t\t\t\t\t\t\t\t\t\t\t\t<\/div>\n\t\t\t\t<\/div>\n\t\t\t\t<div class=\"elementor-element elementor-element-172b028 elementor-widget elementor-widget-image\" data-id=\"172b028\" data-element_type=\"widget\" data-e-type=\"widget\" data-widget_type=\"image.default\">\n\t\t\t\t<div class=\"elementor-widget-container\">\n\t\t\t\t\t\t\t\t\t\t\t\t\t\t\t<img loading=\"lazy\" decoding=\"async\" width=\"1200\" height=\"1000\" src=\"https:\/\/cartotrentina.com\/wp-content\/uploads\/2025\/06\/cartotrentina-half-home-tecnologia.jpg\" class=\"attachment-full size-full wp-image-3882\" alt=\"\" srcset=\"https:\/\/cartotrentina.com\/wp-content\/uploads\/2025\/06\/cartotrentina-half-home-tecnologia.jpg 1200w, https:\/\/cartotrentina.com\/wp-content\/uploads\/2025\/06\/cartotrentina-half-home-tecnologia-300x250.jpg 300w, https:\/\/cartotrentina.com\/wp-content\/uploads\/2025\/06\/cartotrentina-half-home-tecnologia-1024x853.jpg 1024w, https:\/\/cartotrentina.com\/wp-content\/uploads\/2025\/06\/cartotrentina-half-home-tecnologia-768x640.jpg 768w\" sizes=\"auto, (max-width: 1200px) 100vw, 1200px\" \/>\t\t\t\t\t\t\t\t\t\t\t\t\t\t\t<\/div>\n\t\t\t\t<\/div>\n\t\t\t\t<div class=\"elementor-element elementor-element-cf9b6ba elementor-widget elementor-widget-image\" data-id=\"cf9b6ba\" data-element_type=\"widget\" data-e-type=\"widget\" data-widget_type=\"image.default\">\n\t\t\t\t<div class=\"elementor-widget-container\">\n\t\t\t\t\t\t\t\t\t\t\t\t\t\t\t<img loading=\"lazy\" decoding=\"async\" width=\"1200\" height=\"1000\" src=\"https:\/\/cartotrentina.com\/wp-content\/uploads\/2025\/09\/cartotrentina-chi-siamo-su-misura.jpg\" class=\"attachment-full size-full wp-image-5242\" alt=\"\" srcset=\"https:\/\/cartotrentina.com\/wp-content\/uploads\/2025\/09\/cartotrentina-chi-siamo-su-misura.jpg 1200w, https:\/\/cartotrentina.com\/wp-content\/uploads\/2025\/09\/cartotrentina-chi-siamo-su-misura-300x250.jpg 300w, https:\/\/cartotrentina.com\/wp-content\/uploads\/2025\/09\/cartotrentina-chi-siamo-su-misura-1024x853.jpg 1024w, https:\/\/cartotrentina.com\/wp-content\/uploads\/2025\/09\/cartotrentina-chi-siamo-su-misura-768x640.jpg 768w\" sizes=\"auto, (max-width: 1200px) 100vw, 1200px\" \/>\t\t\t\t\t\t\t\t\t\t\t\t\t\t\t<\/div>\n\t\t\t\t<\/div>\n\t\t\t\t<\/div>\n\t\t<div class=\"elementor-element elementor-element-fb73afb e-flex e-con-boxed e-con e-parent\" data-id=\"fb73afb\" data-element_type=\"container\" data-e-type=\"container\">\n\t\t\t\t\t<div class=\"e-con-inner\">\n\t\t\t\t<div class=\"elementor-element elementor-element-c093e96 elementor-widget__width-initial elementor-widget elementor-widget-template\" data-id=\"c093e96\" data-element_type=\"widget\" data-e-type=\"widget\" data-widget_type=\"template.default\">\n\t\t\t\t<div class=\"elementor-widget-container\">\n\t\t\t\t\t\t\t<div class=\"elementor-template\">\n\t\t\t\t\t<div data-elementor-type=\"container\" data-elementor-id=\"3914\" class=\"elementor elementor-3914 elementor-397 elementor-397\" data-elementor-post-type=\"elementor_library\">\n\t\t\t\t<div class=\"elementor-element elementor-element-de45da8 e-flex e-con-boxed elementor-invisible e-con e-parent\" data-id=\"de45da8\" data-element_type=\"container\" data-e-type=\"container\" data-settings=\"{&quot;background_background&quot;:&quot;classic&quot;,&quot;animation&quot;:&quot;fadeInUp&quot;}\">\n\t\t\t\t\t<div class=\"e-con-inner\">\n\t\t\t\t<div class=\"elementor-element elementor-element-2d90ef9 elementor-widget elementor-widget-heading\" data-id=\"2d90ef9\" data-element_type=\"widget\" data-e-type=\"widget\" data-widget_type=\"heading.default\">\n\t\t\t\t<div class=\"elementor-widget-container\">\n\t\t\t\t\t<h3 class=\"elementor-heading-title elementor-size-default\">F\u00fcr Informationen und Kostenvoranschl\u00e4ge<\/h3>\t\t\t\t<\/div>\n\t\t\t\t<\/div>\n\t\t\t\t<div class=\"elementor-element elementor-element-f20fe56 elementor-widget-mobile__width-initial elementor-widget elementor-widget-heading\" data-id=\"f20fe56\" data-element_type=\"widget\" data-e-type=\"widget\" data-widget_type=\"heading.default\">\n\t\t\t\t<div class=\"elementor-widget-container\">\n\t\t\t\t\t<h3 class=\"elementor-heading-title elementor-size-default\">Wir sind an Ihrer Seite, um ein exklusives und hochwertiges Produkt zu schaffen. <\/h3>\t\t\t\t<\/div>\n\t\t\t\t<\/div>\n\t\t\t\t<div class=\"elementor-element elementor-element-28c07e7 elementor-align-center elementor-widget elementor-widget-the7_button_widget\" data-id=\"28c07e7\" data-element_type=\"widget\" data-e-type=\"widget\" data-widget_type=\"the7_button_widget.default\">\n\t\t\t\t<div class=\"elementor-widget-container\">\n\t\t\t\t\t<div class=\"elementor-button-wrapper\"><a href=\"https:\/\/cartotrentina.com\/de\/kontaktdaten\/\" class=\"box-button elementor-button elementor-size-sm\">Kontaktieren Sie uns<\/a><\/div>\t\t\t\t<\/div>\n\t\t\t\t<\/div>\n\t\t\t\t\t<\/div>\n\t\t\t\t<\/div>\n\t\t\t\t<\/div>\n\t\t\t\t<\/div>\n\t\t\t\t\t\t<\/div>\n\t\t\t\t<\/div>\n\t\t\t\t\t<\/div>\n\t\t\t\t<\/div>\n\t\t\t\t<\/div>\n\t\t","protected":false},"excerpt":{"rendered":"<p>DAS IMAGE Z\u00c4HLT. MEHR DENN JE. In einem Markt, in dem das Erscheinungsbild eine Schl\u00fcsselrolle f\u00fcr die Wahrnehmung und den Erfolg eines Produkts spielt, kann die Art und Weise, wie dieses den \u2013 immer aufmerksamer und w\u00e4hlerischer werdenden \u2013 Augen der Verbraucher pr\u00e4sentiert wird, tats\u00e4chlich den Unterschied ausmachen. Oft ist es gerade die Verpackung, die&hellip;<\/p>\n","protected":false},"author":1,"featured_media":0,"parent":0,"menu_order":0,"comment_status":"closed","ping_status":"closed","template":"elementor_header_footer","meta":{"_acf_changed":false,"inline_featured_image":false,"footnotes":""},"class_list":["post-5247","page","type-page","status-publish","hentry"],"acf":[],"aioseo_notices":[],"_links":{"self":[{"href":"https:\/\/cartotrentina.com\/de\/wp-json\/wp\/v2\/pages\/5247","targetHints":{"allow":["GET"]}}],"collection":[{"href":"https:\/\/cartotrentina.com\/de\/wp-json\/wp\/v2\/pages"}],"about":[{"href":"https:\/\/cartotrentina.com\/de\/wp-json\/wp\/v2\/types\/page"}],"author":[{"embeddable":true,"href":"https:\/\/cartotrentina.com\/de\/wp-json\/wp\/v2\/users\/1"}],"replies":[{"embeddable":true,"href":"https:\/\/cartotrentina.com\/de\/wp-json\/wp\/v2\/comments?post=5247"}],"version-history":[{"count":2,"href":"https:\/\/cartotrentina.com\/de\/wp-json\/wp\/v2\/pages\/5247\/revisions"}],"predecessor-version":[{"id":5249,"href":"https:\/\/cartotrentina.com\/de\/wp-json\/wp\/v2\/pages\/5247\/revisions\/5249"}],"wp:attachment":[{"href":"https:\/\/cartotrentina.com\/de\/wp-json\/wp\/v2\/media?parent=5247"}],"curies":[{"name":"wp","href":"https:\/\/api.w.org\/{rel}","templated":true}]}}