{"id":5342,"date":"2025-09-23T11:18:02","date_gmt":"2025-09-23T11:18:02","guid":{"rendered":"https:\/\/cartotrentina.com\/dienstleisstungen\/"},"modified":"2026-01-12T15:32:51","modified_gmt":"2026-01-12T15:32:51","slug":"dienstleisstungen","status":"publish","type":"page","link":"https:\/\/cartotrentina.com\/de\/dienstleisstungen\/","title":{"rendered":"Dienstleistungen"},"content":{"rendered":"\t\t<div data-elementor-type=\"wp-page\" data-elementor-id=\"5342\" class=\"elementor elementor-5342 elementor-2591\" data-elementor-post-type=\"page\">\n\t\t\t\t<div class=\"elementor-element elementor-element-8b4bf0a e-con-full e-flex e-con e-parent\" data-id=\"8b4bf0a\" data-element_type=\"container\" data-e-type=\"container\" data-settings=\"{&quot;background_background&quot;:&quot;classic&quot;}\">\n\t\t\t\t<div class=\"elementor-element elementor-element-615ba3a elementor-widget elementor-widget-spacer\" data-id=\"615ba3a\" data-element_type=\"widget\" data-e-type=\"widget\" data-widget_type=\"spacer.default\">\n\t\t\t\t<div class=\"elementor-widget-container\">\n\t\t\t\t\t\t\t<div class=\"elementor-spacer\">\n\t\t\t<div class=\"elementor-spacer-inner\"><\/div>\n\t\t<\/div>\n\t\t\t\t\t\t<\/div>\n\t\t\t\t<\/div>\n\t\t\t\t<\/div>\n\t\t<div class=\"elementor-element elementor-element-1983aa9 e-flex e-con-boxed e-con e-parent\" data-id=\"1983aa9\" data-element_type=\"container\" data-e-type=\"container\" data-settings=\"{&quot;background_background&quot;:&quot;classic&quot;}\">\n\t\t\t\t\t<div class=\"e-con-inner\">\n\t\t<div class=\"elementor-element elementor-element-ba7a96f e-con-full e-flex e-con e-child\" data-id=\"ba7a96f\" data-element_type=\"container\" data-e-type=\"container\" data-settings=\"{&quot;animation&quot;:&quot;none&quot;,&quot;animation_delay&quot;:10}\">\n\t\t\t\t<div class=\"elementor-element elementor-element-ca99f53 elementor-widget__width-initial elementor-widget elementor-widget-heading\" data-id=\"ca99f53\" data-element_type=\"widget\" data-e-type=\"widget\" data-widget_type=\"heading.default\">\n\t\t\t\t<div class=\"elementor-widget-container\">\n\t\t\t\t\t<h1 class=\"elementor-heading-title elementor-size-default\">Dienstleistungen<\/h1>\t\t\t\t<\/div>\n\t\t\t\t<\/div>\n\t\t\t\t<\/div>\n\t\t<div class=\"elementor-element elementor-element-89a2528 e-con-full e-flex e-con e-child\" data-id=\"89a2528\" data-element_type=\"container\" data-e-type=\"container\" data-settings=\"{&quot;animation&quot;:&quot;none&quot;,&quot;animation_delay&quot;:14}\">\n\t\t\t\t<div class=\"elementor-element elementor-element-1d18246 elementor-widget elementor-widget-text-editor\" data-id=\"1d18246\" data-element_type=\"widget\" data-e-type=\"widget\" data-widget_type=\"text-editor.default\">\n\t\t\t\t<div class=\"elementor-widget-container\">\n\t\t\t\t\t\t\t\t\t<p>Unser Technik- und Grafikb\u00fcro steht dem Kunden stets vollst\u00e4ndig zur Verf\u00fcgung und bietet in jeder Projektphase qualifizierte Unterst\u00fctzung: von der ersten Beratung bis zur finalen Umsetzung, wobei ma\u00dfgeschneiderte, funktionale und \u00e4sthetisch ansprechende L\u00f6sungen garantiert werden.<\/p>\t\t\t\t\t\t\t\t<\/div>\n\t\t\t\t<\/div>\n\t\t\t\t<\/div>\n\t\t\t\t\t<\/div>\n\t\t\t\t<\/div>\n\t\t<div class=\"elementor-element elementor-element-ba67bb0 e-flex e-con-boxed e-con e-parent\" data-id=\"ba67bb0\" data-element_type=\"container\" data-e-type=\"container\" id=\"ufficio_tecnico\">\n\t\t\t\t\t<div class=\"e-con-inner\">\n\t\t<div class=\"elementor-element elementor-element-fb550d4 e-con-full e-flex e-con e-child\" data-id=\"fb550d4\" data-element_type=\"container\" data-e-type=\"container\" data-settings=\"{&quot;background_background&quot;:&quot;classic&quot;}\">\n\t\t\t\t<div class=\"elementor-element elementor-element-c015fba elementor-widget elementor-widget-spacer\" data-id=\"c015fba\" data-element_type=\"widget\" data-e-type=\"widget\" data-widget_type=\"spacer.default\">\n\t\t\t\t<div class=\"elementor-widget-container\">\n\t\t\t\t\t\t\t<div class=\"elementor-spacer\">\n\t\t\t<div class=\"elementor-spacer-inner\"><\/div>\n\t\t<\/div>\n\t\t\t\t\t\t<\/div>\n\t\t\t\t<\/div>\n\t\t\t\t<\/div>\n\t\t<div class=\"elementor-element elementor-element-6b26169 e-con-full e-flex e-con e-child\" data-id=\"6b26169\" data-element_type=\"container\" data-e-type=\"container\">\n\t\t\t\t<div class=\"elementor-element elementor-element-abc0fe1 elementor-widget elementor-widget-heading\" data-id=\"abc0fe1\" data-element_type=\"widget\" data-e-type=\"widget\" data-widget_type=\"heading.default\">\n\t\t\t\t<div class=\"elementor-widget-container\">\n\t\t\t\t\t<h2 class=\"elementor-heading-title elementor-size-default\">TECHNISCHES B\u00dcRO<\/h2>\t\t\t\t<\/div>\n\t\t\t\t<\/div>\n\t\t\t\t<div class=\"elementor-element elementor-element-77e2778 elementor-widget__width-initial elementor-widget elementor-widget-text-editor\" data-id=\"77e2778\" data-element_type=\"widget\" data-e-type=\"widget\" data-widget_type=\"text-editor.default\">\n\t\t\t\t<div class=\"elementor-widget-container\">\n\t\t\t\t\t\t\t\t\t<p>Innerhalb unseres Unternehmens hat der Kunde die M\u00f6glichkeit, die ma\u00dfgeschneiderte Gestaltung des technischen Entwurfs der zu produzierenden Schachtel anzufordern. Unser technisches B\u00fcro \u00fcbernimmt die Entwicklung des Designs und stellt ein Muster im Ma\u00dfstab 1:1 zur Verf\u00fcgung, um die tats\u00e4chlichen Abmessungen zu \u00fcberpr\u00fcfen.<\/p>\t\t\t\t\t\t\t\t<\/div>\n\t\t\t\t<\/div>\n\t\t\t\t<\/div>\n\t\t\t\t\t<\/div>\n\t\t\t\t<\/div>\n\t\t<div class=\"elementor-element elementor-element-1107f55 e-flex e-con-boxed e-con e-parent\" data-id=\"1107f55\" data-element_type=\"container\" data-e-type=\"container\" id=\"ufficio_grafico\">\n\t\t\t\t\t<div class=\"e-con-inner\">\n\t\t<div class=\"elementor-element elementor-element-9327ab7 e-con-full e-flex e-con e-child\" data-id=\"9327ab7\" data-element_type=\"container\" data-e-type=\"container\">\n\t\t\t\t<div class=\"elementor-element elementor-element-f4c3d4b elementor-widget elementor-widget-heading\" data-id=\"f4c3d4b\" data-element_type=\"widget\" data-e-type=\"widget\" data-widget_type=\"heading.default\">\n\t\t\t\t<div class=\"elementor-widget-container\">\n\t\t\t\t\t<h2 class=\"elementor-heading-title elementor-size-default\">GRAFIKB\u00dcRO<\/h2>\t\t\t\t<\/div>\n\t\t\t\t<\/div>\n\t\t\t\t<div class=\"elementor-element elementor-element-1b55d94 elementor-widget__width-initial elementor-widget elementor-widget-text-editor\" data-id=\"1b55d94\" data-element_type=\"widget\" data-e-type=\"widget\" data-widget_type=\"text-editor.default\">\n\t\t\t\t<div class=\"elementor-widget-container\">\n\t\t\t\t\t\t\t\t\t<p>Sobald die Stanzform festgelegt ist, kann der Kunde die Unterst\u00fctzung unseres Grafikb\u00fcros in Anspruch nehmen, um das Projekt gem\u00e4\u00df seinen spezifischen Anforderungen zu entwickeln.<\/p>\t\t\t\t\t\t\t\t<\/div>\n\t\t\t\t<\/div>\n\t\t\t\t<\/div>\n\t\t<div class=\"elementor-element elementor-element-0a8c01b e-con-full e-flex e-con e-child\" data-id=\"0a8c01b\" data-element_type=\"container\" data-e-type=\"container\" data-settings=\"{&quot;background_background&quot;:&quot;classic&quot;}\">\n\t\t\t\t<div class=\"elementor-element elementor-element-964332f elementor-widget elementor-widget-spacer\" data-id=\"964332f\" data-element_type=\"widget\" data-e-type=\"widget\" data-widget_type=\"spacer.default\">\n\t\t\t\t<div class=\"elementor-widget-container\">\n\t\t\t\t\t\t\t<div class=\"elementor-spacer\">\n\t\t\t<div class=\"elementor-spacer-inner\"><\/div>\n\t\t<\/div>\n\t\t\t\t\t\t<\/div>\n\t\t\t\t<\/div>\n\t\t\t\t<\/div>\n\t\t\t\t\t<\/div>\n\t\t\t\t<\/div>\n\t\t<div class=\"elementor-element elementor-element-cf97f5a e-flex e-con-boxed e-con e-parent\" data-id=\"cf97f5a\" data-element_type=\"container\" data-e-type=\"container\">\n\t\t\t\t\t<div class=\"e-con-inner\">\n\t\t\t\t<div class=\"elementor-element elementor-element-90b2157 elementor-widget__width-initial elementor-widget elementor-widget-template\" data-id=\"90b2157\" data-element_type=\"widget\" data-e-type=\"widget\" data-widget_type=\"template.default\">\n\t\t\t\t<div class=\"elementor-widget-container\">\n\t\t\t\t\t\t\t<div class=\"elementor-template\">\n\t\t\t\t\t<div data-elementor-type=\"container\" data-elementor-id=\"3914\" class=\"elementor elementor-3914 elementor-397 elementor-397\" data-elementor-post-type=\"elementor_library\">\n\t\t\t\t<div class=\"elementor-element elementor-element-de45da8 e-flex e-con-boxed elementor-invisible e-con e-parent\" data-id=\"de45da8\" data-element_type=\"container\" data-e-type=\"container\" data-settings=\"{&quot;background_background&quot;:&quot;classic&quot;,&quot;animation&quot;:&quot;fadeInUp&quot;}\">\n\t\t\t\t\t<div class=\"e-con-inner\">\n\t\t\t\t<div class=\"elementor-element elementor-element-2d90ef9 elementor-widget elementor-widget-heading\" data-id=\"2d90ef9\" data-element_type=\"widget\" data-e-type=\"widget\" data-widget_type=\"heading.default\">\n\t\t\t\t<div class=\"elementor-widget-container\">\n\t\t\t\t\t<h3 class=\"elementor-heading-title elementor-size-default\">F\u00fcr Informationen und Kostenvoranschl\u00e4ge<\/h3>\t\t\t\t<\/div>\n\t\t\t\t<\/div>\n\t\t\t\t<div class=\"elementor-element elementor-element-f20fe56 elementor-widget-mobile__width-initial elementor-widget elementor-widget-heading\" data-id=\"f20fe56\" data-element_type=\"widget\" data-e-type=\"widget\" data-widget_type=\"heading.default\">\n\t\t\t\t<div class=\"elementor-widget-container\">\n\t\t\t\t\t<h3 class=\"elementor-heading-title elementor-size-default\">Wir sind an Ihrer Seite, um ein exklusives und hochwertiges Produkt zu schaffen. <\/h3>\t\t\t\t<\/div>\n\t\t\t\t<\/div>\n\t\t\t\t<div class=\"elementor-element elementor-element-28c07e7 elementor-align-center elementor-widget elementor-widget-the7_button_widget\" data-id=\"28c07e7\" data-element_type=\"widget\" data-e-type=\"widget\" data-widget_type=\"the7_button_widget.default\">\n\t\t\t\t<div class=\"elementor-widget-container\">\n\t\t\t\t\t<div class=\"elementor-button-wrapper\"><a href=\"https:\/\/cartotrentina.com\/de\/kontaktdaten\/\" class=\"box-button elementor-button elementor-size-sm\">Kontaktieren Sie uns<\/a><\/div>\t\t\t\t<\/div>\n\t\t\t\t<\/div>\n\t\t\t\t\t<\/div>\n\t\t\t\t<\/div>\n\t\t\t\t<\/div>\n\t\t\t\t<\/div>\n\t\t\t\t\t\t<\/div>\n\t\t\t\t<\/div>\n\t\t\t\t\t<\/div>\n\t\t\t\t<\/div>\n\t\t\t\t<\/div>\n\t\t","protected":false},"excerpt":{"rendered":"<p>Dienstleistungen Unser Technik- und Grafikb\u00fcro steht dem Kunden stets vollst\u00e4ndig zur Verf\u00fcgung und bietet in jeder Projektphase qualifizierte Unterst\u00fctzung: von der ersten Beratung bis zur finalen Umsetzung, wobei ma\u00dfgeschneiderte, funktionale und \u00e4sthetisch ansprechende L\u00f6sungen garantiert werden. TECHNISCHES B\u00dcRO Innerhalb unseres Unternehmens hat der Kunde die M\u00f6glichkeit, die ma\u00dfgeschneiderte Gestaltung des technischen Entwurfs der zu produzierenden&hellip;<\/p>\n","protected":false},"author":1,"featured_media":0,"parent":0,"menu_order":0,"comment_status":"closed","ping_status":"closed","template":"elementor_header_footer","meta":{"_acf_changed":false,"inline_featured_image":false,"footnotes":""},"class_list":["post-5342","page","type-page","status-publish","hentry"],"acf":[],"aioseo_notices":[],"_links":{"self":[{"href":"https:\/\/cartotrentina.com\/de\/wp-json\/wp\/v2\/pages\/5342","targetHints":{"allow":["GET"]}}],"collection":[{"href":"https:\/\/cartotrentina.com\/de\/wp-json\/wp\/v2\/pages"}],"about":[{"href":"https:\/\/cartotrentina.com\/de\/wp-json\/wp\/v2\/types\/page"}],"author":[{"embeddable":true,"href":"https:\/\/cartotrentina.com\/de\/wp-json\/wp\/v2\/users\/1"}],"replies":[{"embeddable":true,"href":"https:\/\/cartotrentina.com\/de\/wp-json\/wp\/v2\/comments?post=5342"}],"version-history":[{"count":3,"href":"https:\/\/cartotrentina.com\/de\/wp-json\/wp\/v2\/pages\/5342\/revisions"}],"predecessor-version":[{"id":5718,"href":"https:\/\/cartotrentina.com\/de\/wp-json\/wp\/v2\/pages\/5342\/revisions\/5718"}],"wp:attachment":[{"href":"https:\/\/cartotrentina.com\/de\/wp-json\/wp\/v2\/media?parent=5342"}],"curies":[{"name":"wp","href":"https:\/\/api.w.org\/{rel}","templated":true}]}}