{"id":5256,"date":"2025-09-25T17:24:13","date_gmt":"2025-09-25T17:24:13","guid":{"rendered":"https:\/\/cartotrentina.com\/qui-sommes-nous\/"},"modified":"2025-12-22T15:09:03","modified_gmt":"2025-12-22T15:09:03","slug":"qui-sommes-nous","status":"publish","type":"page","link":"https:\/\/cartotrentina.com\/fr\/qui-sommes-nous\/","title":{"rendered":"Qui sommes-nous ?"},"content":{"rendered":"\t\t<div data-elementor-type=\"wp-page\" data-elementor-id=\"5256\" class=\"elementor elementor-5256 elementor-2788\" data-elementor-post-type=\"page\">\n\t\t\t\t<div class=\"elementor-element elementor-element-0cb7e2b e-con-full e-flex e-con e-parent\" data-id=\"0cb7e2b\" data-element_type=\"container\" data-e-type=\"container\" data-settings=\"{&quot;background_background&quot;:&quot;classic&quot;}\">\n\t\t\t\t<div class=\"elementor-element elementor-element-c75d3d9 elementor-widget elementor-widget-spacer\" data-id=\"c75d3d9\" data-element_type=\"widget\" data-e-type=\"widget\" data-widget_type=\"spacer.default\">\n\t\t\t\t<div class=\"elementor-widget-container\">\n\t\t\t\t\t\t\t<div class=\"elementor-spacer\">\n\t\t\t<div class=\"elementor-spacer-inner\"><\/div>\n\t\t<\/div>\n\t\t\t\t\t\t<\/div>\n\t\t\t\t<\/div>\n\t\t\t\t<\/div>\n\t\t<div class=\"elementor-element elementor-element-57c3cb5 e-flex e-con-boxed e-con e-parent\" data-id=\"57c3cb5\" data-element_type=\"container\" data-e-type=\"container\" data-settings=\"{&quot;background_background&quot;:&quot;classic&quot;}\">\n\t\t\t\t\t<div class=\"e-con-inner\">\n\t\t<div class=\"elementor-element elementor-element-2eedb07 e-con-full e-flex e-con e-child\" data-id=\"2eedb07\" data-element_type=\"container\" data-e-type=\"container\" data-settings=\"{&quot;animation&quot;:&quot;none&quot;,&quot;animation_delay&quot;:10}\">\n\t\t\t\t<div class=\"elementor-element elementor-element-6d5c674 elementor-widget__width-initial elementor-widget elementor-widget-heading\" data-id=\"6d5c674\" data-element_type=\"widget\" data-e-type=\"widget\" data-widget_type=\"heading.default\">\n\t\t\t\t<div class=\"elementor-widget-container\">\n\t\t\t\t\t<h1 class=\"elementor-heading-title elementor-size-default\">L\u2019IMAGE COMPTE. <br>DE PLUS EN PLUS.<\/h1>\t\t\t\t<\/div>\n\t\t\t\t<\/div>\n\t\t\t\t<\/div>\n\t\t<div class=\"elementor-element elementor-element-e9a54dc e-con-full e-flex e-con e-child\" data-id=\"e9a54dc\" data-element_type=\"container\" data-e-type=\"container\" data-settings=\"{&quot;animation&quot;:&quot;none&quot;,&quot;animation_delay&quot;:14}\">\n\t\t\t\t<div class=\"elementor-element elementor-element-985ae90 elementor-widget elementor-widget-text-editor\" data-id=\"985ae90\" data-element_type=\"widget\" data-e-type=\"widget\" data-widget_type=\"text-editor.default\">\n\t\t\t\t<div class=\"elementor-widget-container\">\n\t\t\t\t\t\t\t\t\t<p>Dans un march\u00e9 o\u00f9 l\u2019image joue un r\u00f4le cl\u00e9 dans la perception et le succ\u00e8s d\u2019un produit, la mani\u00e8re dont celui-ci se pr\u00e9sente aux yeux \u2014 toujours plus attentifs et s\u00e9lectifs &#8211; des consommateurs peut r\u00e9ellement faire la diff\u00e9rence.<\/p><p>Bien souvent, c\u2019est pr\u00e9cis\u00e9ment le packaging qui capte l\u2019attention en premier : lorsque l\u2019impact visuel est efficace, une grande partie du parcours qui m\u00e8ne un produit du fabricant au client est d\u00e9j\u00e0 accomplie.<\/p><p>C\u2019est pourquoi les entreprises les plus attentives investissent des ressources, du temps et des comp\u00e9tences dans le soin de l\u2019aspect visuel et communicatif de leurs produits. Cartotrentina est n\u00e9e avec cet objectif pr\u00e9cis : valoriser au mieux l\u2019identit\u00e9 de chaque produit \u00e0 travers des solutions de packaging sur mesure et de haute qualit\u00e9.<\/p>\t\t\t\t\t\t\t\t<\/div>\n\t\t\t\t<\/div>\n\t\t\t\t<\/div>\n\t\t\t\t\t<\/div>\n\t\t\t\t<\/div>\n\t\t<div class=\"elementor-element elementor-element-a133ce0 e-flex e-con-boxed e-con e-parent\" data-id=\"a133ce0\" data-element_type=\"container\" data-e-type=\"container\">\n\t\t\t\t\t<div class=\"e-con-inner\">\n\t\t<div class=\"elementor-element elementor-element-766b0c2 e-con-full e-flex e-con e-child\" data-id=\"766b0c2\" data-element_type=\"container\" data-e-type=\"container\" data-settings=\"{&quot;background_background&quot;:&quot;classic&quot;}\">\n\t\t\t\t<div class=\"elementor-element elementor-element-d6cf923 elementor-widget elementor-widget-spacer\" data-id=\"d6cf923\" data-element_type=\"widget\" data-e-type=\"widget\" data-widget_type=\"spacer.default\">\n\t\t\t\t<div class=\"elementor-widget-container\">\n\t\t\t\t\t\t\t<div class=\"elementor-spacer\">\n\t\t\t<div class=\"elementor-spacer-inner\"><\/div>\n\t\t<\/div>\n\t\t\t\t\t\t<\/div>\n\t\t\t\t<\/div>\n\t\t\t\t<\/div>\n\t\t\t\t<div class=\"elementor-element elementor-element-6d4094a elementor-widget__width-initial elementor-widget elementor-widget-text-editor\" data-id=\"6d4094a\" data-element_type=\"widget\" data-e-type=\"widget\" data-widget_type=\"text-editor.default\">\n\t\t\t\t<div class=\"elementor-widget-container\">\n\t\t\t\t\t\t\t\t\t<p>Gr\u00e2ce \u00e0 une \u00e9quipe dot\u00e9e d\u2019une solide exp\u00e9rience et \u00e0 l\u2019utilisation de technologies avanc\u00e9es, Cartotrentina accompagne ses clients dans la recherche de la solution la plus adapt\u00e9e pour interpr\u00e9ter les exigences de leur march\u00e9, en combinant cr\u00e9ativit\u00e9, fonctionnalit\u00e9 et style.<\/p><p>Chaque projet est con\u00e7u et r\u00e9alis\u00e9 sur mesure, en \u00e9troite synergie avec le client et, lorsque cela est n\u00e9cessaire, avec des agences de communication et des studios de design sp\u00e9cialis\u00e9s. Le r\u00e9sultat est un produit original et exclusif, capable de se distinguer r\u00e9ellement.<\/p><p>Des mat\u00e9riaux soigneusement s\u00e9lectionn\u00e9s, des proc\u00e9d\u00e9s de fabrication flexibles et une attention maximale aux d\u00e9tails font de Cartotrentina une r\u00e9f\u00e9rence dans le secteur du packaging haut de gamme, choisie en toute confiance par d\u2019importantes marques italiennes et europ\u00e9ennes.<\/p>\t\t\t\t\t\t\t\t<\/div>\n\t\t\t\t<\/div>\n\t\t\t\t\t<\/div>\n\t\t\t\t<\/div>\n\t\t<div class=\"elementor-element elementor-element-bbf0ad1 e-con-full e-flex e-con e-parent\" data-id=\"bbf0ad1\" data-element_type=\"container\" data-e-type=\"container\">\n\t\t\t\t<div class=\"elementor-element elementor-element-1fc3bd6 elementor-widget elementor-widget-image\" data-id=\"1fc3bd6\" data-element_type=\"widget\" data-e-type=\"widget\" data-widget_type=\"image.default\">\n\t\t\t\t<div class=\"elementor-widget-container\">\n\t\t\t\t\t\t\t\t\t\t\t\t\t\t\t<img loading=\"lazy\" decoding=\"async\" width=\"1200\" height=\"1000\" src=\"https:\/\/cartotrentina.com\/wp-content\/uploads\/2025\/09\/cartotrentina-chi-siamo-tecnologia.jpg\" class=\"attachment-full size-full wp-image-5245\" alt=\"\" srcset=\"https:\/\/cartotrentina.com\/wp-content\/uploads\/2025\/09\/cartotrentina-chi-siamo-tecnologia.jpg 1200w, https:\/\/cartotrentina.com\/wp-content\/uploads\/2025\/09\/cartotrentina-chi-siamo-tecnologia-300x250.jpg 300w, https:\/\/cartotrentina.com\/wp-content\/uploads\/2025\/09\/cartotrentina-chi-siamo-tecnologia-1024x853.jpg 1024w, https:\/\/cartotrentina.com\/wp-content\/uploads\/2025\/09\/cartotrentina-chi-siamo-tecnologia-768x640.jpg 768w\" sizes=\"auto, (max-width: 1200px) 100vw, 1200px\" \/>\t\t\t\t\t\t\t\t\t\t\t\t\t\t\t<\/div>\n\t\t\t\t<\/div>\n\t\t\t\t<div class=\"elementor-element elementor-element-172b028 elementor-widget elementor-widget-image\" data-id=\"172b028\" data-element_type=\"widget\" data-e-type=\"widget\" data-widget_type=\"image.default\">\n\t\t\t\t<div class=\"elementor-widget-container\">\n\t\t\t\t\t\t\t\t\t\t\t\t\t\t\t<img loading=\"lazy\" decoding=\"async\" width=\"1200\" height=\"1000\" src=\"https:\/\/cartotrentina.com\/wp-content\/uploads\/2025\/06\/cartotrentina-half-home-tecnologia.jpg\" class=\"attachment-full size-full wp-image-4726\" alt=\"\" srcset=\"https:\/\/cartotrentina.com\/wp-content\/uploads\/2025\/06\/cartotrentina-half-home-tecnologia.jpg 1200w, https:\/\/cartotrentina.com\/wp-content\/uploads\/2025\/06\/cartotrentina-half-home-tecnologia-300x250.jpg 300w, https:\/\/cartotrentina.com\/wp-content\/uploads\/2025\/06\/cartotrentina-half-home-tecnologia-1024x853.jpg 1024w, https:\/\/cartotrentina.com\/wp-content\/uploads\/2025\/06\/cartotrentina-half-home-tecnologia-768x640.jpg 768w\" sizes=\"auto, (max-width: 1200px) 100vw, 1200px\" \/>\t\t\t\t\t\t\t\t\t\t\t\t\t\t\t<\/div>\n\t\t\t\t<\/div>\n\t\t\t\t<div class=\"elementor-element elementor-element-cf9b6ba elementor-widget elementor-widget-image\" data-id=\"cf9b6ba\" data-element_type=\"widget\" data-e-type=\"widget\" data-widget_type=\"image.default\">\n\t\t\t\t<div class=\"elementor-widget-container\">\n\t\t\t\t\t\t\t\t\t\t\t\t\t\t\t<img loading=\"lazy\" decoding=\"async\" width=\"1200\" height=\"1000\" src=\"https:\/\/cartotrentina.com\/wp-content\/uploads\/2025\/09\/cartotrentina-chi-siamo-su-misura.jpg\" class=\"attachment-full size-full wp-image-5246\" alt=\"\" srcset=\"https:\/\/cartotrentina.com\/wp-content\/uploads\/2025\/09\/cartotrentina-chi-siamo-su-misura.jpg 1200w, https:\/\/cartotrentina.com\/wp-content\/uploads\/2025\/09\/cartotrentina-chi-siamo-su-misura-300x250.jpg 300w, https:\/\/cartotrentina.com\/wp-content\/uploads\/2025\/09\/cartotrentina-chi-siamo-su-misura-1024x853.jpg 1024w, https:\/\/cartotrentina.com\/wp-content\/uploads\/2025\/09\/cartotrentina-chi-siamo-su-misura-768x640.jpg 768w\" sizes=\"auto, (max-width: 1200px) 100vw, 1200px\" \/>\t\t\t\t\t\t\t\t\t\t\t\t\t\t\t<\/div>\n\t\t\t\t<\/div>\n\t\t\t\t<\/div>\n\t\t<div class=\"elementor-element elementor-element-fb73afb e-flex e-con-boxed e-con e-parent\" data-id=\"fb73afb\" data-element_type=\"container\" data-e-type=\"container\">\n\t\t\t\t\t<div class=\"e-con-inner\">\n\t\t\t\t<div class=\"elementor-element elementor-element-c093e96 elementor-widget__width-initial elementor-widget elementor-widget-template\" data-id=\"c093e96\" data-element_type=\"widget\" data-e-type=\"widget\" data-widget_type=\"template.default\">\n\t\t\t\t<div class=\"elementor-widget-container\">\n\t\t\t\t\t\t\t<div class=\"elementor-template\">\n\t\t\t\t\t<div data-elementor-type=\"container\" data-elementor-id=\"4731\" class=\"elementor elementor-4731 elementor-397 elementor-397\" data-elementor-post-type=\"elementor_library\">\n\t\t\t\t<div class=\"elementor-element elementor-element-de45da8 e-flex e-con-boxed elementor-invisible e-con e-parent\" data-id=\"de45da8\" data-element_type=\"container\" data-e-type=\"container\" data-settings=\"{&quot;background_background&quot;:&quot;classic&quot;,&quot;animation&quot;:&quot;fadeInUp&quot;}\">\n\t\t\t\t\t<div class=\"e-con-inner\">\n\t\t\t\t<div class=\"elementor-element elementor-element-2d90ef9 elementor-widget elementor-widget-heading\" data-id=\"2d90ef9\" data-element_type=\"widget\" data-e-type=\"widget\" data-widget_type=\"heading.default\">\n\t\t\t\t<div class=\"elementor-widget-container\">\n\t\t\t\t\t<h3 class=\"elementor-heading-title elementor-size-default\">Pour plus d\u2019informations et de devis<\/h3>\t\t\t\t<\/div>\n\t\t\t\t<\/div>\n\t\t\t\t<div class=\"elementor-element elementor-element-f20fe56 elementor-widget-mobile__width-initial elementor-widget elementor-widget-heading\" data-id=\"f20fe56\" data-element_type=\"widget\" data-e-type=\"widget\" data-widget_type=\"heading.default\">\n\t\t\t\t<div class=\"elementor-widget-container\">\n\t\t\t\t\t<h3 class=\"elementor-heading-title elementor-size-default\">Nous sommes \u00e0 vos c\u00f4t\u00e9s pour cr\u00e9er<br>un produit exclusif et de haute qualit\u00e9 <\/h3>\t\t\t\t<\/div>\n\t\t\t\t<\/div>\n\t\t\t\t<div class=\"elementor-element elementor-element-28c07e7 elementor-align-center elementor-widget elementor-widget-the7_button_widget\" data-id=\"28c07e7\" data-element_type=\"widget\" data-e-type=\"widget\" data-widget_type=\"the7_button_widget.default\">\n\t\t\t\t<div class=\"elementor-widget-container\">\n\t\t\t\t\t<div class=\"elementor-button-wrapper\"><a href=\"https:\/\/cartotrentina.com\/fr\/contacts\/\" class=\"box-button elementor-button elementor-size-sm\">Contactez-nous<\/a><\/div>\t\t\t\t<\/div>\n\t\t\t\t<\/div>\n\t\t\t\t\t<\/div>\n\t\t\t\t<\/div>\n\t\t\t\t<\/div>\n\t\t\t\t<\/div>\n\t\t\t\t\t\t<\/div>\n\t\t\t\t<\/div>\n\t\t\t\t\t<\/div>\n\t\t\t\t<\/div>\n\t\t\t\t<\/div>\n\t\t","protected":false},"excerpt":{"rendered":"<p>L\u2019IMAGE COMPTE. DE PLUS EN PLUS. Dans un march\u00e9 o\u00f9 l\u2019image joue un r\u00f4le cl\u00e9 dans la perception et le succ\u00e8s d\u2019un produit, la mani\u00e8re dont celui-ci se pr\u00e9sente aux yeux \u2014 toujours plus attentifs et s\u00e9lectifs &#8211; des consommateurs peut r\u00e9ellement faire la diff\u00e9rence. Bien souvent, c\u2019est pr\u00e9cis\u00e9ment le packaging qui capte l\u2019attention en&hellip;<\/p>\n","protected":false},"author":1,"featured_media":0,"parent":0,"menu_order":0,"comment_status":"closed","ping_status":"closed","template":"elementor_header_footer","meta":{"_acf_changed":false,"inline_featured_image":false,"footnotes":""},"class_list":["post-5256","page","type-page","status-publish","hentry"],"acf":[],"aioseo_notices":[],"_links":{"self":[{"href":"https:\/\/cartotrentina.com\/fr\/wp-json\/wp\/v2\/pages\/5256","targetHints":{"allow":["GET"]}}],"collection":[{"href":"https:\/\/cartotrentina.com\/fr\/wp-json\/wp\/v2\/pages"}],"about":[{"href":"https:\/\/cartotrentina.com\/fr\/wp-json\/wp\/v2\/types\/page"}],"author":[{"embeddable":true,"href":"https:\/\/cartotrentina.com\/fr\/wp-json\/wp\/v2\/users\/1"}],"replies":[{"embeddable":true,"href":"https:\/\/cartotrentina.com\/fr\/wp-json\/wp\/v2\/comments?post=5256"}],"version-history":[{"count":2,"href":"https:\/\/cartotrentina.com\/fr\/wp-json\/wp\/v2\/pages\/5256\/revisions"}],"predecessor-version":[{"id":5258,"href":"https:\/\/cartotrentina.com\/fr\/wp-json\/wp\/v2\/pages\/5256\/revisions\/5258"}],"wp:attachment":[{"href":"https:\/\/cartotrentina.com\/fr\/wp-json\/wp\/v2\/media?parent=5256"}],"curies":[{"name":"wp","href":"https:\/\/api.w.org\/{rel}","templated":true}]}}