{"id":5348,"date":"2025-09-23T17:10:51","date_gmt":"2025-09-23T17:10:51","guid":{"rendered":"https:\/\/cartotrentina.com\/durabilite\/"},"modified":"2026-01-12T11:30:51","modified_gmt":"2026-01-12T11:30:51","slug":"durabilite","status":"publish","type":"page","link":"https:\/\/cartotrentina.com\/fr\/durabilite\/","title":{"rendered":"DURABILIT\u00c9"},"content":{"rendered":"\t\t<div data-elementor-type=\"wp-page\" data-elementor-id=\"5348\" class=\"elementor elementor-5348 elementor-2663\" data-elementor-post-type=\"page\">\n\t\t\t\t<div class=\"elementor-element elementor-element-8b4bf0a e-con-full e-flex e-con e-parent\" data-id=\"8b4bf0a\" data-element_type=\"container\" data-e-type=\"container\" data-settings=\"{&quot;background_background&quot;:&quot;classic&quot;}\">\n\t\t\t\t<div class=\"elementor-element elementor-element-615ba3a elementor-widget elementor-widget-spacer\" data-id=\"615ba3a\" data-element_type=\"widget\" data-e-type=\"widget\" data-widget_type=\"spacer.default\">\n\t\t\t\t<div class=\"elementor-widget-container\">\n\t\t\t\t\t\t\t<div class=\"elementor-spacer\">\n\t\t\t<div class=\"elementor-spacer-inner\"><\/div>\n\t\t<\/div>\n\t\t\t\t\t\t<\/div>\n\t\t\t\t<\/div>\n\t\t\t\t<\/div>\n\t\t<div class=\"elementor-element elementor-element-0c73cdf e-flex e-con-boxed e-con e-parent\" data-id=\"0c73cdf\" data-element_type=\"container\" data-e-type=\"container\" data-settings=\"{&quot;background_background&quot;:&quot;classic&quot;}\">\n\t\t\t\t\t<div class=\"e-con-inner\">\n\t\t<div class=\"elementor-element elementor-element-54446d4 e-con-full e-flex e-con e-child\" data-id=\"54446d4\" data-element_type=\"container\" data-e-type=\"container\" data-settings=\"{&quot;animation&quot;:&quot;none&quot;,&quot;animation_delay&quot;:10}\">\n\t\t\t\t<div class=\"elementor-element elementor-element-43a52d9 elementor-widget__width-initial elementor-widget elementor-widget-heading\" data-id=\"43a52d9\" data-element_type=\"widget\" data-e-type=\"widget\" data-widget_type=\"heading.default\">\n\t\t\t\t<div class=\"elementor-widget-container\">\n\t\t\t\t\t<h1 class=\"elementor-heading-title elementor-size-default\">DURABILIT\u00c9<\/h1>\t\t\t\t<\/div>\n\t\t\t\t<\/div>\n\t\t\t\t<\/div>\n\t\t<div class=\"elementor-element elementor-element-c8df707 e-con-full e-flex e-con e-child\" data-id=\"c8df707\" data-element_type=\"container\" data-e-type=\"container\" data-settings=\"{&quot;animation&quot;:&quot;none&quot;,&quot;animation_delay&quot;:14}\">\n\t\t\t\t<div class=\"elementor-element elementor-element-3bde33a elementor-widget elementor-widget-text-editor\" data-id=\"3bde33a\" data-element_type=\"widget\" data-e-type=\"widget\" data-widget_type=\"text-editor.default\">\n\t\t\t\t<div class=\"elementor-widget-container\">\n\t\t\t\t\t\t\t\t\t<p>Cartotrentina adopte une approche durable \u00e0 chaque \u00e9tape du processus de production. Nous utilisons des mat\u00e9riaux recyclables, optimisons la consommation \u00e9nerg\u00e9tique et r\u00e9duisons les d\u00e9chets. Nous proposons et promouvons des solutions responsables sans compromettre la qualit\u00e9 ni la valeur esth\u00e9tique du produit.<\/p>\t\t\t\t\t\t\t\t<\/div>\n\t\t\t\t<\/div>\n\t\t\t\t<\/div>\n\t\t\t\t\t<\/div>\n\t\t\t\t<\/div>\n\t\t<div class=\"elementor-element elementor-element-ff765ff e-flex e-con-boxed e-con e-parent\" data-id=\"ff765ff\" data-element_type=\"container\" data-e-type=\"container\">\n\t\t\t\t\t<div class=\"e-con-inner\">\n\t\t<div class=\"elementor-element elementor-element-e5e0e03 e-con-full e-flex e-con e-child\" data-id=\"e5e0e03\" data-element_type=\"container\" data-e-type=\"container\" data-settings=\"{&quot;background_background&quot;:&quot;classic&quot;}\">\n\t\t\t\t<div class=\"elementor-element elementor-element-575f20b elementor-widget elementor-widget-spacer\" data-id=\"575f20b\" data-element_type=\"widget\" data-e-type=\"widget\" data-widget_type=\"spacer.default\">\n\t\t\t\t<div class=\"elementor-widget-container\">\n\t\t\t\t\t\t\t<div class=\"elementor-spacer\">\n\t\t\t<div class=\"elementor-spacer-inner\"><\/div>\n\t\t<\/div>\n\t\t\t\t\t\t<\/div>\n\t\t\t\t<\/div>\n\t\t\t\t<\/div>\n\t\t<div class=\"elementor-element elementor-element-20784b3 e-con-full e-flex e-con e-child\" data-id=\"20784b3\" data-element_type=\"container\" data-e-type=\"container\">\n\t\t\t\t<div class=\"elementor-element elementor-element-0310f1a elementor-widget elementor-widget-heading\" data-id=\"0310f1a\" data-element_type=\"widget\" data-e-type=\"widget\" data-widget_type=\"heading.default\">\n\t\t\t\t<div class=\"elementor-widget-container\">\n\t\t\t\t\t<h2 class=\"elementor-heading-title elementor-size-default\">RECYCLAGE DU PAPIER<\/h2>\t\t\t\t<\/div>\n\t\t\t\t<\/div>\n\t\t\t\t<div class=\"elementor-element elementor-element-aade64e elementor-widget__width-initial elementor-widget elementor-widget-text-editor\" data-id=\"aade64e\" data-element_type=\"widget\" data-e-type=\"widget\" data-widget_type=\"text-editor.default\">\n\t\t\t\t<div class=\"elementor-widget-container\">\n\t\t\t\t\t\t\t\t\t<p>Les d\u00e9chets de production sont enti\u00e8rement recycl\u00e9s \u00e0 l\u2019aide de deux presses, r\u00e9int\u00e9gr\u00e9s dans le cycle de production et cr\u00e9ant un mod\u00e8le de durabilit\u00e9 en cycle ferm\u00e9, r\u00e9duisant le gaspillage et optimisant l\u2019utilisation des ressources.<\/p>\t\t\t\t\t\t\t\t<\/div>\n\t\t\t\t<\/div>\n\t\t\t\t<\/div>\n\t\t\t\t\t<\/div>\n\t\t\t\t<\/div>\n\t\t<div class=\"elementor-element elementor-element-0393588 e-flex e-con-boxed e-con e-parent\" data-id=\"0393588\" data-element_type=\"container\" data-e-type=\"container\">\n\t\t\t\t\t<div class=\"e-con-inner\">\n\t\t<div class=\"elementor-element elementor-element-1e085c0 e-con-full e-flex e-con e-child\" data-id=\"1e085c0\" data-element_type=\"container\" data-e-type=\"container\">\n\t\t\t\t<div class=\"elementor-element elementor-element-71e5de9 elementor-widget elementor-widget-heading\" data-id=\"71e5de9\" data-element_type=\"widget\" data-e-type=\"widget\" data-widget_type=\"heading.default\">\n\t\t\t\t<div class=\"elementor-widget-container\">\n\t\t\t\t\t<h2 class=\"elementor-heading-title elementor-size-default\">PANNEAUX PHOTOVOLTA\u00cfQUES<\/h2>\t\t\t\t<\/div>\n\t\t\t\t<\/div>\n\t\t\t\t<div class=\"elementor-element elementor-element-53a79e4 elementor-widget__width-initial elementor-widget elementor-widget-text-editor\" data-id=\"53a79e4\" data-element_type=\"widget\" data-e-type=\"widget\" data-widget_type=\"text-editor.default\">\n\t\t\t\t<div class=\"elementor-widget-container\">\n\t\t\t\t\t\t\t\t\t<p>Investissement r\u00e9alis\u00e9 en 2023\/2024, nous permettant d\u2019\u00eatre autonomes \u00e0 70 % gr\u00e2ce \u00e0 la production de 800 kw d\u2019\u00e9lectricit\u00e9, contribuant de mani\u00e8re significative \u00e0 la r\u00e9duction de l\u2019impact environnemental et \u00e0 la transition vers un mod\u00e8le \u00e9nerg\u00e9tique plus durable.<\/p>\t\t\t\t\t\t\t\t<\/div>\n\t\t\t\t<\/div>\n\t\t\t\t<\/div>\n\t\t<div class=\"elementor-element elementor-element-b6781a4 e-con-full e-flex e-con e-child\" data-id=\"b6781a4\" data-element_type=\"container\" data-e-type=\"container\" data-settings=\"{&quot;background_background&quot;:&quot;classic&quot;}\">\n\t\t\t\t<div class=\"elementor-element elementor-element-f2d6f98 elementor-widget elementor-widget-spacer\" data-id=\"f2d6f98\" data-element_type=\"widget\" data-e-type=\"widget\" data-widget_type=\"spacer.default\">\n\t\t\t\t<div class=\"elementor-widget-container\">\n\t\t\t\t\t\t\t<div class=\"elementor-spacer\">\n\t\t\t<div class=\"elementor-spacer-inner\"><\/div>\n\t\t<\/div>\n\t\t\t\t\t\t<\/div>\n\t\t\t\t<\/div>\n\t\t\t\t<\/div>\n\t\t\t\t\t<\/div>\n\t\t\t\t<\/div>\n\t\t\t\t<\/div>\n\t\t","protected":false},"excerpt":{"rendered":"<p>DURABILIT\u00c9 Cartotrentina adopte une approche durable \u00e0 chaque \u00e9tape du processus de production. Nous utilisons des mat\u00e9riaux recyclables, optimisons la consommation \u00e9nerg\u00e9tique et r\u00e9duisons les d\u00e9chets. Nous proposons et promouvons des solutions responsables sans compromettre la qualit\u00e9 ni la valeur esth\u00e9tique du produit. RECYCLAGE DU PAPIER Les d\u00e9chets de production sont enti\u00e8rement recycl\u00e9s \u00e0 l\u2019aide&hellip;<\/p>\n","protected":false},"author":1,"featured_media":0,"parent":0,"menu_order":0,"comment_status":"closed","ping_status":"closed","template":"elementor_header_footer","meta":{"_acf_changed":false,"inline_featured_image":false,"footnotes":""},"class_list":["post-5348","page","type-page","status-publish","hentry"],"acf":[],"aioseo_notices":[],"_links":{"self":[{"href":"https:\/\/cartotrentina.com\/fr\/wp-json\/wp\/v2\/pages\/5348","targetHints":{"allow":["GET"]}}],"collection":[{"href":"https:\/\/cartotrentina.com\/fr\/wp-json\/wp\/v2\/pages"}],"about":[{"href":"https:\/\/cartotrentina.com\/fr\/wp-json\/wp\/v2\/types\/page"}],"author":[{"embeddable":true,"href":"https:\/\/cartotrentina.com\/fr\/wp-json\/wp\/v2\/users\/1"}],"replies":[{"embeddable":true,"href":"https:\/\/cartotrentina.com\/fr\/wp-json\/wp\/v2\/comments?post=5348"}],"version-history":[{"count":5,"href":"https:\/\/cartotrentina.com\/fr\/wp-json\/wp\/v2\/pages\/5348\/revisions"}],"predecessor-version":[{"id":5706,"href":"https:\/\/cartotrentina.com\/fr\/wp-json\/wp\/v2\/pages\/5348\/revisions\/5706"}],"wp:attachment":[{"href":"https:\/\/cartotrentina.com\/fr\/wp-json\/wp\/v2\/media?parent=5348"}],"curies":[{"name":"wp","href":"https:\/\/api.w.org\/{rel}","templated":true}]}}