{"id":5757,"date":"2025-10-14T11:03:57","date_gmt":"2025-10-14T11:03:57","guid":{"rendered":"https:\/\/cartotrentina.com\/lanceur-dalerte\/"},"modified":"2026-02-12T15:33:37","modified_gmt":"2026-02-12T15:33:37","slug":"lanceur-dalerte","status":"publish","type":"page","link":"https:\/\/cartotrentina.com\/fr\/lanceur-dalerte\/","title":{"rendered":"Lanceur d\u2019alerte"},"content":{"rendered":"\t\t<div data-elementor-type=\"wp-page\" data-elementor-id=\"5757\" class=\"elementor elementor-5757 elementor-3278\" data-elementor-post-type=\"page\">\n\t\t\t\t<div class=\"elementor-element elementor-element-b0b1a63 e-flex e-con-boxed e-con e-parent\" data-id=\"b0b1a63\" data-element_type=\"container\" data-e-type=\"container\" data-settings=\"{&quot;background_background&quot;:&quot;classic&quot;}\">\n\t\t\t\t\t<div class=\"e-con-inner\">\n\t\t<div class=\"elementor-element elementor-element-d2b7278 e-con-full e-flex e-con e-child\" data-id=\"d2b7278\" data-element_type=\"container\" data-e-type=\"container\" data-settings=\"{&quot;animation&quot;:&quot;none&quot;,&quot;animation_delay&quot;:10}\">\n\t\t\t\t<div class=\"elementor-element elementor-element-840cfd7 elementor-widget__width-initial elementor-widget elementor-widget-heading\" data-id=\"840cfd7\" data-element_type=\"widget\" data-e-type=\"widget\" data-widget_type=\"heading.default\">\n\t\t\t\t<div class=\"elementor-widget-container\">\n\t\t\t\t\t<h1 class=\"elementor-heading-title elementor-size-default\">RAPPORTS DE D\u00c9NONCIATION<\/h1>\t\t\t\t<\/div>\n\t\t\t\t<\/div>\n\t\t\t\t<\/div>\n\t\t<div class=\"elementor-element elementor-element-e88af91 e-con-full e-flex e-con e-child\" data-id=\"e88af91\" data-element_type=\"container\" data-e-type=\"container\" data-settings=\"{&quot;animation&quot;:&quot;none&quot;,&quot;animation_delay&quot;:14}\">\n\t\t\t\t<div class=\"elementor-element elementor-element-dcc4c55 elementor-widget elementor-widget-text-editor\" data-id=\"dcc4c55\" data-element_type=\"widget\" data-e-type=\"widget\" data-widget_type=\"text-editor.default\">\n\t\t\t\t<div class=\"elementor-widget-container\">\n\t\t\t\t\t\t\t\t\t<p>En transposition du d\u00e9cret l\u00e9gislatif du 10 mars 2023, n. 24, Cartotrentina S.r.l. s&rsquo;est dot\u00e9e des canaux prescrits pour la r\u00e9ception et la gestion des rapports appel\u00e9s \u00ab whistleblowing \u00bb. <\/p>\t\t\t\t\t\t\t\t<\/div>\n\t\t\t\t<\/div>\n\t\t\t\t<\/div>\n\t\t\t\t\t<\/div>\n\t\t\t\t<\/div>\n\t\t<div class=\"elementor-element elementor-element-6ea6a24 e-flex e-con-boxed e-con e-parent\" data-id=\"6ea6a24\" data-element_type=\"container\" data-e-type=\"container\">\n\t\t\t\t\t<div class=\"e-con-inner\">\n\t\t\t\t<div class=\"elementor-element elementor-element-2b9c561 elementor-widget__width-initial elementor-widget elementor-widget-text-editor\" data-id=\"2b9c561\" data-element_type=\"widget\" data-e-type=\"widget\" data-widget_type=\"text-editor.default\">\n\t\t\t\t<div class=\"elementor-widget-container\">\n\t\t\t\t\t\t\t\t\t<h4>QUI PEUT SIGNALER?<\/h4><ul class=\"wp-block-list\"><li>Les associ\u00e9s et les personnes exer\u00e7ant des fonctions d&rsquo;administration, de direction, de contr\u00f4le, de surveillance ou de repr\u00e9sentation, m\u00eame si ces fonctions sont exerc\u00e9es \u00e0 titre de simple fait, chez Cartotrentina S.r.l. ;<\/li><li>Travailleurs salari\u00e9s, stagiaires, ind\u00e9pendants, ind\u00e9pendants et consultants qui travaillent chez Cartotrentina S.r.l. ;<\/li><li>Sujets qui ont occup\u00e9 les r\u00f4les ci-dessus dans le pass\u00e9, si des informations sur les violations ont \u00e9t\u00e9 acquises au cours de la relation et les personnes avec lesquelles la relation n&rsquo;est pas encore n\u00e9e \u2013 par exemple, les candidats \u00e0 la s\u00e9lection du personnel ou les employ\u00e9s pendant la p\u00e9riode d&rsquo;essai.<\/li><\/ul><h4>Domaines de signalement potentiel<\/h4><p>La liste est tr\u00e8s articul\u00e9e et complexe. Par souci d&rsquo;exhaustivit\u00e9, veuillez vous r\u00e9f\u00e9rer au D.Lgs. 24\/2023 <span style=\"color: #e30613;\"><strong><a id=\"_ftnref1\" style=\"color: #e30613;\" href=\"https:\/\/cartotrentina.com\/fr\/lanceur-dalerte\/#nota1\"><sup>[1]<\/sup><\/a><\/strong><\/span>.  <\/p><h4>Canaux de signalisation<\/h4><p>&#8211; num\u00e9ro gratuit : 800 &#8211; 231 &#8211; 670. L&rsquo;appel est enregistr\u00e9 <\/p><p>&#8211; adresse \u00e9lectronique <strong><a id=\"_ftnref2\" href=\"https:\/\/cartotrentina.com\/fr\/lanceur-dalerte\/#nota2\"><sup><span style=\"color: #e30613;\">[2]<\/span><\/sup><\/a>: <a href=\"mailto:cartotrentina_whistleblowing@complegal.it\"><span style=\"color: #e30613; font-size: 15px;\">cartotrentina_whistleblowing@complegal.it<\/span><\/a><\/strong><\/p><p>Le d\u00e9clarant a \u00e9galement le droit de demander une rencontre directe avec un professionnel externe \u00e0 l&rsquo;entreprise, qui g\u00e8re le canal pour donner le signalement lors d&rsquo;un entretien confidentiel ; il suffira de le demander par l&rsquo;un des deux canaux ci-dessus, en laissant une adresse pour \u00eatre contact\u00e9.<\/p>\t\t\t\t\t\t\t\t<\/div>\n\t\t\t\t<\/div>\n\t\t\t\t<div class=\"elementor-element elementor-element-9d765f1 elementor-widget__width-initial elementor-widget elementor-widget-text-editor\" data-id=\"9d765f1\" data-element_type=\"widget\" data-e-type=\"widget\" id=\"nota1\" data-widget_type=\"text-editor.default\">\n\t\t\t\t<div class=\"elementor-widget-container\">\n\t\t\t\t\t\t\t\t\t<p><strong><span style=\"color: #e30613;\"><sup>[1]<\/sup> <\/span><\/strong>D&rsquo;une mani\u00e8re g\u00e9n\u00e9rale, les violations des dispositions r\u00e9glementaires de l&rsquo;Union europ\u00e9enne qui portent atteinte \u00e0 l&rsquo;int\u00e9r\u00eat public ou \u00e0 l&rsquo;int\u00e9grit\u00e9 de la Soci\u00e9t\u00e9, dont le d\u00e9clarant a pris connaissance dans le cadre du travail, consistent potentiellement en : des conduites illicites pertinentes au sens du d\u00e9cret 231\/2001 ou des violations du mod\u00e8le 231 s&rsquo;il est adopt\u00e9 ; des infractions relevant du champ d&rsquo;application des actes de l&rsquo;Union europ\u00e9enne ou nationaux ou des actes nationaux qui constituent la mise en \u0153uvre des actes de l&rsquo;Union europ\u00e9enne en mati\u00e8re de march\u00e9s publics ; services, produits et march\u00e9s financiers et pr\u00e9vention du blanchiment et du financement du terrorisme ; s\u00e9curit\u00e9 et conformit\u00e9 des produits ; s\u00e9curit\u00e9 Des transports ; protection de l&rsquo;environnement ; radioprotection et s\u00e9curit\u00e9 nucl\u00e9aire ; s\u00e9curit\u00e9 des denr\u00e9es alimentaires et des aliments pour animaux et sant\u00e9 et bien-\u00eatre des animaux ; sant\u00e9 publique ; protection des consommateurs ; protection de la vie priv\u00e9e et protection des donn\u00e9es \u00e0 caract\u00e8re personnel et s\u00e9curit\u00e9 des r\u00e9seaux et des syst\u00e8mes d&rsquo;information ; actes ou omissions portant atteinte aux int\u00e9r\u00eats financiers de l&rsquo;Union europ\u00e9enne vis\u00e9s \u00e0 l&rsquo;art. 325 du trait\u00e9 sur le fonctionnement de l&rsquo;Union europ\u00e9enne ; actes ou omissions concernant le march\u00e9 int\u00e9rieur, vis\u00e9s \u00e0 l&rsquo;art. 26, par. 2, T.F.U.E. (y compris les infractions en mati\u00e8re de concurrence et d&rsquo;aides d&rsquo;\u00c9tat et celles en mati\u00e8re d&rsquo;imp\u00f4t sur les soci\u00e9t\u00e9s) ; actes ou comportements qui, bien qu&rsquo;ils ne compl\u00e8tent pas une infraction, vont \u00e0 l&rsquo;encontre de l&rsquo;objet ou de la finalit\u00e9 des dispositions des actes de l&rsquo;Union dans les domaines susmentionn\u00e9s.  <\/p>\t\t\t\t\t\t\t\t<\/div>\n\t\t\t\t<\/div>\n\t\t\t\t<div class=\"elementor-element elementor-element-d19379e elementor-widget__width-initial elementor-widget elementor-widget-text-editor\" data-id=\"d19379e\" data-element_type=\"widget\" data-e-type=\"widget\" id=\"nota2\" data-widget_type=\"text-editor.default\">\n\t\t\t\t<div class=\"elementor-widget-container\">\n\t\t\t\t\t\t\t\t\t<p><strong><span style=\"color: #e30613;\"><sup>[2]<\/sup> <\/span><\/strong>Afin de prot\u00e9ger la confidentialit\u00e9 du D\u00e9nonneur, s&rsquo;il souhaite pas donner son consentement \u00e0 la r\u00e9v\u00e9lation de son identit\u00e9, les rapports \u00e9crits doivent \u00eatre envoy\u00e9s \u00e0 partir de bo\u00eetes aux lettres \u00e9lectroniques personnelles, non professionnelles (il faut donc \u00e9viter d&rsquo;envoyer des rapports \u00e0 partir de bo\u00eetes au domaine de l&rsquo;entreprise).<\/p>\t\t\t\t\t\t\t\t<\/div>\n\t\t\t\t<\/div>\n\t\t\t\t\t<\/div>\n\t\t\t\t<\/div>\n\t\t\t\t<\/div>\n\t\t","protected":false},"excerpt":{"rendered":"<p>RAPPORTS DE D\u00c9NONCIATION En transposition du d\u00e9cret l\u00e9gislatif du 10 mars 2023, n. 24, Cartotrentina S.r.l. s&rsquo;est dot\u00e9e des canaux prescrits pour la r\u00e9ception et la gestion des rapports appel\u00e9s \u00ab whistleblowing \u00bb. QUI PEUT SIGNALER? Les associ\u00e9s et les personnes exer\u00e7ant des fonctions d&rsquo;administration, de direction, de contr\u00f4le, de surveillance ou de repr\u00e9sentation, m\u00eame&hellip;<\/p>\n","protected":false},"author":1,"featured_media":0,"parent":0,"menu_order":0,"comment_status":"closed","ping_status":"closed","template":"elementor_header_footer","meta":{"_acf_changed":false,"inline_featured_image":false,"footnotes":""},"class_list":["post-5757","page","type-page","status-publish","hentry"],"acf":[],"aioseo_notices":[],"_links":{"self":[{"href":"https:\/\/cartotrentina.com\/fr\/wp-json\/wp\/v2\/pages\/5757","targetHints":{"allow":["GET"]}}],"collection":[{"href":"https:\/\/cartotrentina.com\/fr\/wp-json\/wp\/v2\/pages"}],"about":[{"href":"https:\/\/cartotrentina.com\/fr\/wp-json\/wp\/v2\/types\/page"}],"author":[{"embeddable":true,"href":"https:\/\/cartotrentina.com\/fr\/wp-json\/wp\/v2\/users\/1"}],"replies":[{"embeddable":true,"href":"https:\/\/cartotrentina.com\/fr\/wp-json\/wp\/v2\/comments?post=5757"}],"version-history":[{"count":3,"href":"https:\/\/cartotrentina.com\/fr\/wp-json\/wp\/v2\/pages\/5757\/revisions"}],"predecessor-version":[{"id":5764,"href":"https:\/\/cartotrentina.com\/fr\/wp-json\/wp\/v2\/pages\/5757\/revisions\/5764"}],"wp:attachment":[{"href":"https:\/\/cartotrentina.com\/fr\/wp-json\/wp\/v2\/media?parent=5757"}],"curies":[{"name":"wp","href":"https:\/\/api.w.org\/{rel}","templated":true}]}}